{"id":1125,"date":"2021-01-17T20:11:25","date_gmt":"2021-01-17T20:11:25","guid":{"rendered":"https:\/\/energiematverstand.lu\/wpenergie\/?page_id=1125"},"modified":"2021-01-17T20:12:18","modified_gmt":"2021-01-17T20:12:18","slug":"impressum","status":"publish","type":"page","link":"https:\/\/energiematverstand.lu\/wpenergie\/impressum\/","title":{"rendered":"Impressum"},"content":{"rendered":"\n<p class=\"has-small-font-size\">Les contenus du site internet <a href=\"http:\/\/www.energiematverstand.lu\">www.energiematverstand.lu<\/a>, sans exception, ne sont pr\u00e9sent\u00e9s et\/ou cit\u00e9s qu\u2019\u00e0 titre d\u2019information.&nbsp;<\/p>\n\n\n\n<p class=\"has-small-font-size\">Les auteurs ne peuvent garantir l\u2019exactitude ainsi que l\u2019exhaustivit\u00e9 des donn\u00e9es et ne peuvent \u00eatre tenus responsables de l\u2019utilisation de ces derni\u00e8res par une partie tierce.<\/p>\n\n\n\n<p class=\"has-small-font-size\">Le contenu des r\u00e9f\u00e9rences et liens repris sur ce m\u00eame site internet ne rel\u00e8vent pas de la responsabilit\u00e9 des auteurs dans leur forme actuelle ou future.<\/p>\n\n\n\n<p class=\"has-small-font-size\">Les auteurs s\u2019efforcent de respecter les droits d\u2019auteur des sources externes qui sont utilis\u00e9es sur ce site internet.<\/p>\n\n\n\n<p class=\"has-small-font-size\">Le copyright des contenus publi\u00e9s par les auteurs eux-m\u00eames reste exclusivement leur propri\u00e9t\u00e9. Toute reproduction ou utilisation de ces contenus sont interdites sans l\u2019autorisation expresse des auteurs.<\/p>\n\n\n\n<p class=\"has-small-font-size\">L\u2019identit\u00e9 des auteurs et du site internet ne peuvent \u00eatre utilis\u00e9s sans l\u2019accord explicite des auteurs.<\/p>\n","protected":false},"excerpt":{"rendered":"<p>Les contenus du site internet www.energiematverstand.lu, sans exception, ne sont pr\u00e9sent\u00e9s et\/ou cit\u00e9s qu\u2019\u00e0 titre d\u2019information.&nbsp; Les auteurs ne peuvent garantir l\u2019exactitude ainsi que l\u2019exhaustivit\u00e9 des donn\u00e9es et ne peuvent \u00eatre tenus responsables de l\u2019utilisation de ces derni\u00e8res par une partie tierce. Le contenu des r\u00e9f\u00e9rences et liens repris sur ce m\u00eame site internet ne [&hellip;]<\/p>\n","protected":false},"author":5,"featured_media":0,"parent":0,"menu_order":0,"comment_status":"closed","ping_status":"closed","template":"","meta":[],"_links":{"self":[{"href":"https:\/\/energiematverstand.lu\/wpenergie\/wp-json\/wp\/v2\/pages\/1125"}],"collection":[{"href":"https:\/\/energiematverstand.lu\/wpenergie\/wp-json\/wp\/v2\/pages"}],"about":[{"href":"https:\/\/energiematverstand.lu\/wpenergie\/wp-json\/wp\/v2\/types\/page"}],"author":[{"embeddable":true,"href":"https:\/\/energiematverstand.lu\/wpenergie\/wp-json\/wp\/v2\/users\/5"}],"replies":[{"embeddable":true,"href":"https:\/\/energiematverstand.lu\/wpenergie\/wp-json\/wp\/v2\/comments?post=1125"}],"version-history":[{"count":2,"href":"https:\/\/energiematverstand.lu\/wpenergie\/wp-json\/wp\/v2\/pages\/1125\/revisions"}],"predecessor-version":[{"id":1127,"href":"https:\/\/energiematverstand.lu\/wpenergie\/wp-json\/wp\/v2\/pages\/1125\/revisions\/1127"}],"wp:attachment":[{"href":"https:\/\/energiematverstand.lu\/wpenergie\/wp-json\/wp\/v2\/media?parent=1125"}],"curies":[{"name":"wp","href":"https:\/\/api.w.org\/{rel}","templated":true}]}}