{"id":1339,"date":"2021-02-19T20:55:24","date_gmt":"2021-02-19T20:55:24","guid":{"rendered":"https:\/\/energiematverstand.lu\/wpenergie\/?page_id=1339"},"modified":"2021-03-08T20:28:41","modified_gmt":"2021-03-08T20:28:41","slug":"naturschutz-2","status":"publish","type":"page","link":"https:\/\/energiematverstand.lu\/wpenergie\/fr\/naturschutz-2\/","title":{"rendered":"Protection de la nature"},"content":{"rendered":"\n<figure class=\"wp-block-gallery columns-2 is-cropped wp-block-gallery-1 is-layout-flex\"><ul class=\"blocks-gallery-grid\"><li class=\"blocks-gallery-item\"><figure><img decoding=\"async\" loading=\"lazy\" width=\"528\" height=\"285\" src=\"https:\/\/energiematverstand.lu\/wpenergie\/wp-content\/uploads\/2021\/01\/jihu.jpg\" alt=\"\" data-id=\"633\" data-link=\"https:\/\/energiematverstand.lu\/wpenergie\/naturschutz\/jihu\/\" class=\"wp-image-633\" srcset=\"https:\/\/energiematverstand.lu\/wpenergie\/wp-content\/uploads\/2021\/01\/jihu.jpg 528w, https:\/\/energiematverstand.lu\/wpenergie\/wp-content\/uploads\/2021\/01\/jihu-300x162.jpg 300w\" sizes=\"(max-width: 528px) 100vw, 528px\" \/><\/figure><\/li><li class=\"blocks-gallery-item\"><figure><img decoding=\"async\" loading=\"lazy\" width=\"356\" height=\"238\" src=\"https:\/\/energiematverstand.lu\/wpenergie\/wp-content\/uploads\/2021\/01\/tfzt.jpg\" alt=\"\" data-id=\"634\" data-full-url=\"https:\/\/energiematverstand.lu\/wpenergie\/wp-content\/uploads\/2021\/01\/tfzt.jpg\" data-link=\"https:\/\/energiematverstand.lu\/wpenergie\/naturschutz\/tfzt\/\" class=\"wp-image-634\" srcset=\"https:\/\/energiematverstand.lu\/wpenergie\/wp-content\/uploads\/2021\/01\/tfzt.jpg 356w, https:\/\/energiematverstand.lu\/wpenergie\/wp-content\/uploads\/2021\/01\/tfzt-300x201.jpg 300w\" sizes=\"(max-width: 356px) 100vw, 356px\" \/><\/figure><\/li><\/ul><\/figure>\n\n\n<p>L\u2019impact des \u00e9oliennes sur la faune et la flore est plus grand que les promoteurs et exploitants d\u2019\u00e9oliennes veulent nous le faire croire. Quand les autorit\u00e9s affirment que les obligations en mati\u00e8re de protection des oiseaux sont des plus strictes ou quand les exploitants pr\u00e9tendent que des masses d\u2019oiseaux et d\u2019insectes p\u00e9rissent aussi \u00e0 cause de lignes de haute tension ou du trafic automobile, on ne peut penser qu\u2019\u00e0 une mauvaise blague.<\/p>\n<p>On propose comme mesures l\u2019arr\u00eat des \u00e9oliennes lorsque l\u2019agriculteur rentre sa r\u00e9colte ou lorsqu\u2019il laboure la terre. Mais le milan royal devra simplement c\u00e9der son territoire&nbsp;! Si ces mesures doivent faire preuve de l\u2019efficacit\u00e9 des mesures protectrices des oiseaux, alors des questions critiques s\u2019imposent. Qui sera en charge du contr\u00f4le de l\u2019arr\u00eat de l\u2019\u00e9olienne lorsque l\u2019agriculteur travaille sa terre&nbsp;? Est-ce que l\u2019\u00e9olienne reste en marche lorsque les champs voisins sont fauch\u00e9s&nbsp;?<\/p>\n<p>Les parcelles cadastrales au lieu-dit \u00abAuf der Hasenbach\u00bb sur lesquelles SOLER d\u00e9sire \u00e9riger une \u00e9olienne se trouvent \u00e0 300 m\u00e8tres de distance de la zone Natura 2000 Waark-Niederfeelen-Waarken. Malgr\u00e9 le fait que l\u2019\u00e9laboration du projet a d\u00e9but\u00e9 en 2015 et que l\u2019expertise biologique a \u00e9t\u00e9 achev\u00e9e fin 2019, le sujet n\u2019a valu que quelques diapositives lors de la r\u00e9union d\u2019information en \u00e9t\u00e9 2020. Dont une seule avec des mesures compensatoires et att\u00e9nuantes pour les oiseaux et les chauves-souris. Malgr\u00e9 la demande expresse du public pour acc\u00e9der aux \u00e9tudes environnementales, les porteurs de projet n\u2019ont pas jug\u00e9 utile de publier les documents. Ce manque de transparence ne va pas de pair avec les pr\u00e9tentions d\u2019un projet soi-disant participatif et durable. L\u2019acc\u00e8s \u00e0 ces \u00e9tudes n\u2019a \u00e9t\u00e9 possible qu\u2019en adressant une demande \u00e9crite au Minist\u00e8re en charge de l\u2019\u00e9tablissement de l\u2019autorisation d\u2019environnement.<\/p>\n<p>Le rapport d\u2019expertise biologique constate la pr\u00e9sence sur le site de plusieurs esp\u00e8ces prot\u00e9g\u00e9es, dont notamment le milan royal (liste rouge \u2013 vuln\u00e9rable), le milan noir (liste rouge \u2013 proche d\u2019\u00eatre menac\u00e9), l\u2019alouette des champs (liste rouge \u2013 vuln\u00e9rable) et pas moins que 15 esp\u00e8ces de chauves-souris (dont le Grand Murin et le Murin de Bechstein).<\/p>\n<p>Il est bien \u00e9tabli que les \u00e9oliennes d\u00e9ciment le nombre de rapaces, de chauves-souris et d\u2019insectes. Ces animaux sont attir\u00e9s par les turbulences caus\u00e9es par les pales des \u00e9oliennes. Ces pales tournent \u00e0 des vitesses de 100 \u00e0 400 km\/h et ne laissent peu de chance aux oiseaux et chauves-souris. Si par hasard un individu \u00e9chappe, ses poumons peuvent fissurer \u00e0 cause des fluctuations de pression atmosph\u00e9riques et il tombe du ciel. D\u2019ailleurs des myriades d\u2019insectes collent aux h\u00e9lices.<\/p>\n<p>Le nombre d\u2019oiseaux et de chauves-souris qui p\u00e9rissent au Luxembourg est m\u00e9connu vu que beaucoup de leurs cadavres sont \u00e9limin\u00e9s par les rapaces comme le milan. Plus loin des \u00e9oliennes les corps d\u00e9chiquet\u00e9s sont mang\u00e9s par d\u2019autres charognards. Les statistiques sous-estiment ainsi largement le nombre r\u00e9el de victimes. L\u2019institut allemand Michael-Otto avance un chiffre de 100.000 oiseaux victimes par an. Le chiffre r\u00e9el pourrait \u00eatre maintes fois plus lourd. Dans l\u2019\u00e9tude Progress de 2016, l\u2019analyse syst\u00e9matique la plus compl\u00e8te pour l\u2019Allemagne, il fut conclu que non seulement les populations du milan royal, mais aussi celles des buses sont mises en p\u00e9ril si l\u2019\u00e9nergie \u00e9olienne continue davantage d\u2019\u00eatre d\u00e9velopp\u00e9e.<\/p>\n<p>Les \u00e9oliennes fragmentent l\u2018espace a\u00e9rien et les habitats par les tourbillons d\u2019air qu\u2019ils produisent et constituent une intervention consid\u00e9rable dans les espaces de vie de beaucoup d\u2019esp\u00e8ces d\u2019oiseaux. Par cons\u00e9quent on peut se demander si la protection de la nature et de la biodiversit\u00e9 ne sont pas sacrifici\u00e9s sur l\u2019autel de la protection du climat. Ainsi la transition \u00e9nerg\u00e9tique risque d\u2019intensifier les risques qui planent d\u00e9j\u00e0 plus que jamais sur la biodiversit\u00e9. L\u2019industrie de l\u2019\u00e9olien est en train de d\u00e9truire de fa\u00e7on \u00e9tendue l\u2018objet qu\u2019ils pr\u00e9tendent prot\u00e9ger \u00e0 travers le combat contre le changement climatique, \u00e0 savoir la protection de la nature et de la biodiversit\u00e9.<\/p>\n<p>Nous exigeons que le projet \u00e9olien sur le site \u00abAuf der Hasenbach\u00bb soit abandonn\u00e9 afin de pr\u00e9server ce paysage intact. La localit\u00e9 de Burden et la zone Natura 2000 y adjacente sont d\u2019ores et d\u00e9j\u00e0 encercl\u00e9s par les parcs \u00e9oliens de Kehmen-Heischent et de Bourscheid. Les peu de milieux ouverts et corridors biologiques intacts ne doivent pas \u00eatre davantage d\u00e9truits.<\/p>\n\n\n<figure class=\"wp-block-image size-large\"><img decoding=\"async\" loading=\"lazy\" width=\"995\" height=\"455\" src=\"https:\/\/energiematverstand.lu\/wpenergie\/wp-content\/uploads\/2020\/12\/Capture8.jpg\" alt=\"\" class=\"wp-image-290\" srcset=\"https:\/\/energiematverstand.lu\/wpenergie\/wp-content\/uploads\/2020\/12\/Capture8.jpg 995w, https:\/\/energiematverstand.lu\/wpenergie\/wp-content\/uploads\/2020\/12\/Capture8-300x137.jpg 300w, https:\/\/energiematverstand.lu\/wpenergie\/wp-content\/uploads\/2020\/12\/Capture8-768x351.jpg 768w, https:\/\/energiematverstand.lu\/wpenergie\/wp-content\/uploads\/2020\/12\/Capture8-624x285.jpg 624w\" sizes=\"(max-width: 995px) 100vw, 995px\" \/><figcaption>Och bei eis zu Bierden w\u00e4erten si hiert Liewen musse loossen, wann d&#8217;Wandmille k\u00ebnnt&#8230; (<a href=\"https:\/\/www.rtl.lu\/meenung\/lieserbreiwer\/a\/1495157.html\" target=\"_blank\" rel=\"noreferrer noopener\">Bild: Paul Heinen<\/a>)<\/figcaption><\/figure>\n","protected":false},"excerpt":{"rendered":"<p>L\u2019impact des \u00e9oliennes sur la faune et la flore est plus grand que les promoteurs et exploitants d\u2019\u00e9oliennes veulent nous le faire croire. Quand les autorit\u00e9s affirment que les obligations en mati\u00e8re de protection des oiseaux sont des plus strictes ou quand les exploitants pr\u00e9tendent que des masses d\u2019oiseaux et d\u2019insectes p\u00e9rissent aussi \u00e0 cause [&hellip;]<\/p>\n","protected":false},"author":5,"featured_media":0,"parent":0,"menu_order":0,"comment_status":"closed","ping_status":"closed","template":"","meta":[],"_links":{"self":[{"href":"https:\/\/energiematverstand.lu\/wpenergie\/wp-json\/wp\/v2\/pages\/1339"}],"collection":[{"href":"https:\/\/energiematverstand.lu\/wpenergie\/wp-json\/wp\/v2\/pages"}],"about":[{"href":"https:\/\/energiematverstand.lu\/wpenergie\/wp-json\/wp\/v2\/types\/page"}],"author":[{"embeddable":true,"href":"https:\/\/energiematverstand.lu\/wpenergie\/wp-json\/wp\/v2\/users\/5"}],"replies":[{"embeddable":true,"href":"https:\/\/energiematverstand.lu\/wpenergie\/wp-json\/wp\/v2\/comments?post=1339"}],"version-history":[{"count":3,"href":"https:\/\/energiematverstand.lu\/wpenergie\/wp-json\/wp\/v2\/pages\/1339\/revisions"}],"predecessor-version":[{"id":1343,"href":"https:\/\/energiematverstand.lu\/wpenergie\/wp-json\/wp\/v2\/pages\/1339\/revisions\/1343"}],"wp:attachment":[{"href":"https:\/\/energiematverstand.lu\/wpenergie\/wp-json\/wp\/v2\/media?parent=1339"}],"curies":[{"name":"wp","href":"https:\/\/api.w.org\/{rel}","templated":true}]}}