{"id":1357,"date":"2021-03-02T17:29:30","date_gmt":"2021-03-02T17:29:30","guid":{"rendered":"https:\/\/energiematverstand.lu\/wpenergie\/?page_id=1357"},"modified":"2021-03-08T20:27:55","modified_gmt":"2021-03-08T20:27:55","slug":"lombre-portee","status":"publish","type":"page","link":"https:\/\/energiematverstand.lu\/wpenergie\/fr\/lombre-portee\/","title":{"rendered":"L\u2019ombre port\u00e9e"},"content":{"rendered":"\n<figure class=\"wp-block-gallery columns-3 is-cropped wp-block-gallery-1 is-layout-flex\"><ul class=\"blocks-gallery-grid\"><li class=\"blocks-gallery-item\"><figure><img decoding=\"async\" loading=\"lazy\" width=\"490\" height=\"653\" src=\"https:\/\/energiematverstand.lu\/wpenergie\/wp-content\/uploads\/2021\/01\/revds.jpg\" alt=\"\" data-id=\"610\" data-link=\"https:\/\/energiematverstand.lu\/wpenergie\/schattenwurf\/revds\/\" class=\"wp-image-610\" srcset=\"https:\/\/energiematverstand.lu\/wpenergie\/wp-content\/uploads\/2021\/01\/revds.jpg 490w, https:\/\/energiematverstand.lu\/wpenergie\/wp-content\/uploads\/2021\/01\/revds-225x300.jpg 225w\" sizes=\"(max-width: 490px) 100vw, 490px\" \/><figcaption class=\"blocks-gallery-item__caption\">Ombre d\u2019une \u00e9olienne de Soler S.A. de 192,5 m de haut, situ\u00e9e \u00e0 Hoscheid-Dickt<\/figcaption><\/figure><\/li><li class=\"blocks-gallery-item\"><figure><img decoding=\"async\" loading=\"lazy\" width=\"1024\" height=\"576\" src=\"https:\/\/energiematverstand.lu\/wpenergie\/wp-content\/uploads\/2021\/01\/tbdrt-1024x576.png\" alt=\"\" data-id=\"612\" data-link=\"https:\/\/energiematverstand.lu\/wpenergie\/schattenwurf\/tbdrt\/\" class=\"wp-image-612\" srcset=\"https:\/\/energiematverstand.lu\/wpenergie\/wp-content\/uploads\/2021\/01\/tbdrt-1024x576.png 1024w, https:\/\/energiematverstand.lu\/wpenergie\/wp-content\/uploads\/2021\/01\/tbdrt-300x169.png 300w, https:\/\/energiematverstand.lu\/wpenergie\/wp-content\/uploads\/2021\/01\/tbdrt-768x432.png 768w, https:\/\/energiematverstand.lu\/wpenergie\/wp-content\/uploads\/2021\/01\/tbdrt-1536x864.png 1536w, https:\/\/energiematverstand.lu\/wpenergie\/wp-content\/uploads\/2021\/01\/tbdrt-624x351.png 624w, https:\/\/energiematverstand.lu\/wpenergie\/wp-content\/uploads\/2021\/01\/tbdrt.png 1920w\" sizes=\"(max-width: 1024px) 100vw, 1024px\" \/><figcaption class=\"blocks-gallery-item__caption\">Ombre d\u2019une \u00e9olienne de Soler S.A. de 192,5 m de haut, situ\u00e9e \u00e0 Hoscheid-Dickt<\/figcaption><\/figure><\/li><li class=\"blocks-gallery-item\"><figure><img decoding=\"async\" loading=\"lazy\" width=\"594\" height=\"572\" src=\"https:\/\/energiematverstand.lu\/wpenergie\/wp-content\/uploads\/2021\/01\/Capture16.jpg\" alt=\"\" data-id=\"671\" data-full-url=\"https:\/\/energiematverstand.lu\/wpenergie\/wp-content\/uploads\/2021\/01\/Capture16.jpg\" data-link=\"https:\/\/energiematverstand.lu\/wpenergie\/schattenwurf\/capture16\/\" class=\"wp-image-671\" srcset=\"https:\/\/energiematverstand.lu\/wpenergie\/wp-content\/uploads\/2021\/01\/Capture16.jpg 594w, https:\/\/energiematverstand.lu\/wpenergie\/wp-content\/uploads\/2021\/01\/Capture16-300x289.jpg 300w\" sizes=\"(max-width: 594px) 100vw, 594px\" \/><figcaption class=\"blocks-gallery-item__caption\">Dimensions de l\u2019\u00e9olienne pr\u00e9vue devant Burden <\/figcaption><\/figure><\/li><\/ul><\/figure>\n\n\n\n<p><\/p>\n\n\n<p>Une \u00e9olienne, qui se trouve entre le soleil et les maisons, produit des ombres en mouvement caus\u00e9es par les pales. On les d\u00e9signe par \u201combre port\u00e9e\u201d ou encore effet disco ou stroboscopique. Dans le cas projet\u00e9 avec une hauteur de 230 m, ces effets ont une port\u00e9e <strong>de 2 km<\/strong>. Les ing\u00e9nieurs CSD ont calcul\u00e9 un impact moyen de 20-55 jours par an pour les habitants de Burden. La soci\u00e9t\u00e9 ProSolut S.A. (charg\u00e9e par le promoteur) conclut dans le dossier commodo\/incommodo qu\u2019un d\u00e9passement des normes \u00e0 respecter n\u2019est pas probable et que l\u2019installation d\u2019un module permettant un arr\u00eat automatique de l\u2019\u00e9olienne en cas de d\u00e9passement n\u2019est pas \u00e0 pr\u00e9voir.<\/p>\n<p>\u00c0 premi\u00e8re vue, cela peut para\u00eetre rassurant. Mais vu le fardeau p\u00e9riodique et parfois permanent d\u2019ombres port\u00e9es tant pour les habitants que pour la faune et le potentiel de causer du stress et des distractions, nous exigeons une distance sup\u00e9rieure aux 750 m pr\u00e9vus, notamment le respect de la r\u00e8gle dite des \u00ab 10 H\u00a0\u00bb, soit une distance de l\u2019habitation \u00e9gale \u00e0 10 fois la hauteur totale des \u00e9oliennes.<\/p>\n<p>Il n\u2019existe pas d\u2019\u00e9tudes \u00e0 longue dur\u00e9e qui d\u00e9terminent des seuils recommand\u00e9s ou tol\u00e9rables, ni pour les effets stroboscopiques, ni pour le bruit. Il est donc fort surprenant d\u2019avoir des normes qui pr\u00e9conisent un seuil maximal de 30 heures par an et de 30 minutes par jour o\u00f9 les ombres <strong>peuvent<\/strong> ennuyer les habitants. Pourquoi ces 30 minutes par jour et 30 heures par an seraient tol\u00e9rables par les habitants et ne causeraient pas d\u2019inconv\u00e9nient\u00a0? Quelle \u00e9tude est \u00e0 l\u2019appui de cette norme\u00a0?<\/p>\n<p>Un avis de m\u00e9decins en Allemagne du Nord conclut que des facteurs comme l\u2019infrason, les ombres port\u00e9es et les effets stroboscopiques amplifient le stress pour les patients. Nous demandons des d\u00e9cisions politiques raisonnables qui prot\u00e8gent avant tout la sant\u00e9 des citoyens. Madame Dieschbourg \u00e9crit, en 2015, dans une r\u00e9ponse \u00e0 une question parlementaire de Monsieur Kartheiser que pour donner une autorisation de construction d\u2019une \u00e9olienne, <strong>il faut garantir l\u2019absence de r\u00e9percussions n\u00e9gatives<\/strong> pour les hommes, caus\u00e9es par des bourdonnements, les infrasons ou encore les ombres port\u00e9es (Journal 21.05.2015).<\/p>\n<p>Statistiquement les ombres port\u00e9es seront donc un ph\u00e9nom\u00e8ne assez courant. Les effets ne se limitent pas \u00e0 l\u2019ext\u00e9rieur mais peuvent \u00eatre per\u00e7us \u00e0 l\u2019int\u00e9rieur des habitations \u00e0 travers les fen\u00eatres et portes. Le s\u00e9jour dans les pi\u00e8ces concern\u00e9es cause donc des effets n\u00e9gatifs pour la sant\u00e9, une situation qui est loin de la d\u00e9finition de l\u2019<strong>OMS<\/strong>\u00a0: \u00ab\u00a0<em>La sant\u00e9 est<\/em> <em>un \u00e9tat de complet bien-\u00eatre physique, mental et social, et ne consiste pas seulement en une absence de maladie ou d&#8217;infirmit\u00e9<\/em>\u00a0\u00bb.<\/p>\n<p>Il faut encore pr\u00e9ciser que les \u00e9oliennes sont \u00e9quip\u00e9es de syst\u00e8mes d\u2019\u00e9clairage qui clignotent de fa\u00e7on rythmique, blanc en journ\u00e9e et rouge la nuit. Il s\u2019agit d\u2019une autre nuisance \u00e0 laquelle le riverain ne peut pas \u00e9chapper et qui constitue une polution lumineuse surtout pendant la nuit.<\/p>\n\n\n<div class=\"wp-block-group alignwide\"><div class=\"wp-block-group__inner-container is-layout-flow\">\n<div class=\"wp-block-columns is-layout-flex wp-container-4\">\n<div class=\"wp-block-column is-layout-flow\" style=\"flex-basis:100%\">\n<figure class=\"wp-block-video\"><video autoplay controls poster=\"\" src=\"https:\/\/energiematverstand.lu\/wpenergie\/wp-content\/uploads\/2020\/12\/IMG_6174-2.mov\"><\/video><\/figure>\n\n\n\n<p class=\"has-text-color\" style=\"color:#fa0515\">L\u2019ombre projet\u00e9e d\u2019une \u00e9olienne (de 192,5m de haut \u00e0 une distance de 1 km des habitations) \u00e0 Hoscheid-Dickt en novembre 2020. L\u2019ombre du m\u00e2t est projet\u00e9 jusqu\u2019\u00e0 l\u2019habitation ; l\u2019ombre p\u00e9riodique mobile des pales la d\u00e9passe. Un exemple r\u00e9el compar\u00e9 au mod\u00e8le des \u00e9tudes officielles. Cette installation fut mise en \u0153uvre par la m\u00eame soci\u00e9t\u00e9 Soler S.A. qui pr\u00e9voit l\u2019\u00e9olienne devant le village de Burden.<\/p>\n<\/div>\n<\/div>\n<\/div><\/div>\n\n\n\n<p><span class=\"has-inline-color has-blue-color\">Autre vid\u00e9o concernant le sujet<strong>:<\/strong><\/span><\/p>\n\n\n\n<p><a href=\"https:\/\/youtu.be\/pa1rBsf5PLI \">https:\/\/youtu.be\/pa1rBsf5PLI <\/a><\/p>\n","protected":false},"excerpt":{"rendered":"<p>Une \u00e9olienne, qui se trouve entre le soleil et les maisons, produit des ombres en mouvement caus\u00e9es par les pales. On les d\u00e9signe par \u201combre port\u00e9e\u201d ou encore effet disco ou stroboscopique. Dans le cas projet\u00e9 avec une hauteur de 230 m, ces effets ont une port\u00e9e de 2 km. Les ing\u00e9nieurs CSD ont calcul\u00e9 [&hellip;]<\/p>\n","protected":false},"author":5,"featured_media":0,"parent":0,"menu_order":0,"comment_status":"closed","ping_status":"closed","template":"","meta":[],"_links":{"self":[{"href":"https:\/\/energiematverstand.lu\/wpenergie\/wp-json\/wp\/v2\/pages\/1357"}],"collection":[{"href":"https:\/\/energiematverstand.lu\/wpenergie\/wp-json\/wp\/v2\/pages"}],"about":[{"href":"https:\/\/energiematverstand.lu\/wpenergie\/wp-json\/wp\/v2\/types\/page"}],"author":[{"embeddable":true,"href":"https:\/\/energiematverstand.lu\/wpenergie\/wp-json\/wp\/v2\/users\/5"}],"replies":[{"embeddable":true,"href":"https:\/\/energiematverstand.lu\/wpenergie\/wp-json\/wp\/v2\/comments?post=1357"}],"version-history":[{"count":1,"href":"https:\/\/energiematverstand.lu\/wpenergie\/wp-json\/wp\/v2\/pages\/1357\/revisions"}],"predecessor-version":[{"id":1358,"href":"https:\/\/energiematverstand.lu\/wpenergie\/wp-json\/wp\/v2\/pages\/1357\/revisions\/1358"}],"wp:attachment":[{"href":"https:\/\/energiematverstand.lu\/wpenergie\/wp-json\/wp\/v2\/media?parent=1357"}],"curies":[{"name":"wp","href":"https:\/\/api.w.org\/{rel}","templated":true}]}}