{"id":1379,"date":"2021-03-08T19:03:00","date_gmt":"2021-03-08T19:03:00","guid":{"rendered":"https:\/\/energiematverstand.lu\/wpenergie\/?page_id=1379"},"modified":"2021-03-08T20:27:21","modified_gmt":"2021-03-08T20:27:21","slug":"dokumenter-politik","status":"publish","type":"page","link":"https:\/\/energiematverstand.lu\/wpenergie\/fr\/dokumenter-politik\/","title":{"rendered":"Documents &#038; Politique"},"content":{"rendered":"\n<figure class=\"wp-block-image size-large\"><img decoding=\"async\" loading=\"lazy\" width=\"1000\" height=\"260\" src=\"https:\/\/energiematverstand.lu\/wpenergie\/wp-content\/uploads\/2020\/12\/cropped-Capture2.jpg\" alt=\"\" class=\"wp-image-92\" srcset=\"https:\/\/energiematverstand.lu\/wpenergie\/wp-content\/uploads\/2020\/12\/cropped-Capture2.jpg 1000w, https:\/\/energiematverstand.lu\/wpenergie\/wp-content\/uploads\/2020\/12\/cropped-Capture2-300x78.jpg 300w, https:\/\/energiematverstand.lu\/wpenergie\/wp-content\/uploads\/2020\/12\/cropped-Capture2-768x200.jpg 768w, https:\/\/energiematverstand.lu\/wpenergie\/wp-content\/uploads\/2020\/12\/cropped-Capture2-624x162.jpg 624w\" sizes=\"(max-width: 1000px) 100vw, 1000px\" \/><figcaption>Foto: rtl.lu<\/figcaption><\/figure>\n\n\n\n<p><strong>Kommodo-Inkommodo-Prozedur:<\/strong><\/p>\n\n\n\n<div class=\"wp-block-file\"><a href=\"https:\/\/energiematverstand.lu\/wpenergie\/wp-content\/uploads\/2020\/12\/Bre\u0301if_Commo_Incommo_20_07_20_Ouni_Nimm.pdf\" target=\"_blank\" rel=\"noreferrer noopener\"><span class=\"has-inline-color has-blue-color\">Eisen 1. Br\u00e9if un d&#8217;Ettelbr\u00e9cker Gemeng<\/span> 20.07.2020<\/a><\/div>\n\n\n\n<div class=\"wp-block-file\"><a href=\"https:\/\/energiematverstand.lu\/wpenergie\/wp-content\/uploads\/2021\/01\/27Aug_Ettelbr_Gemeng_OUNI_Ennerschr.pdf\" target=\"_blank\" rel=\"noreferrer noopener\">Eisen 2. Br\u00e9if un d&#8217;Ettelbr\u00e9cker Gemeng 27.08.2020<\/a><\/div>\n\n\n\n<div class=\"wp-block-file\"><a href=\"https:\/\/energiematverstand.lu\/wpenergie\/wp-content\/uploads\/2020\/12\/Lettre-conseil-communal_Erpeldange_-Wandpark-Commodo-Incommodo-signee.pdf\" target=\"_blank\" rel=\"noreferrer noopener\">Br\u00e9if vun der Ierpeldenger Gemeng am Cader vun der Commodo-Prozedur 17.07.2020<\/a><\/div>\n\n\n\n<div class=\"wp-block-file\"><a href=\"https:\/\/energiematverstand.lu\/wpenergie\/wp-content\/uploads\/2020\/12\/200817-Commune-Ettelbruck-Wandpark.pdf\" target=\"_blank\" rel=\"noreferrer noopener\">Br\u00e9if zu den techneschen Bedenken 19.08.2020<\/a><\/div>\n\n\n\n<div class=\"wp-block-file\"><a href=\"https:\/\/energiematverstand.lu\/wpenergie\/wp-content\/uploads\/2021\/01\/SKM_308e21011316260.pdf\" target=\"_blank\" rel=\"noreferrer noopener\">Reklamatioun vu weideren 16 Persounen 25.08.2020<\/a><\/div>\n\n\n\n<div class=\"wp-block-file\"><a href=\"https:\/\/energiematverstand.lu\/wpenergie\/wp-content\/uploads\/2021\/01\/2020-08-27-Bre\u0301if-bierden-commodo-wandmillen_M-St_Sans-nom.pdf\" target=\"_blank\" rel=\"noreferrer noopener\">Br\u00e9if: Et la sant\u00e9 et la qualit\u00e9 de vie des riverains? 27.08.2020<\/a><\/div>\n\n\n\n<div class=\"wp-block-file\"><a href=\"https:\/\/energiematverstand.lu\/wpenergie\/wp-content\/uploads\/2020\/12\/lettre_Gaston_Chelius.pdf\" target=\"_blank\" rel=\"noreferrer noopener\">Br\u00e9if Dr. Gaston Chelius 24.08.2020<\/a><\/div>\n\n\n\n<p><strong>Question parlementaire &#8211; D\u00e9put\u00e9s Andr\u00e9 Bauler &amp; Gusty Graas<\/strong> <strong>(DP)<\/strong>:<\/p>\n\n\n\n<div class=\"wp-block-file\"><a href=\"https:\/\/energiematverstand.lu\/wpenergie\/wp-content\/uploads\/2020\/12\/QP_Bauler_Graas_27_07_2020.pdf\" target=\"_blank\" rel=\"noreferrer noopener\">Question 27.07.2020<\/a><\/div>\n\n\n\n<div class=\"wp-block-file\"><a href=\"https:\/\/energiematverstand.lu\/wpenergie\/wp-content\/uploads\/2020\/12\/ReponseQP_Bauler_Graas_22_09_2020.pdf\" target=\"_blank\" rel=\"noreferrer noopener\">R\u00e9ponse 22.09.2020<\/a><\/div>\n\n\n\n<p><strong>Question parlementaire &#8211; D\u00e9put\u00e9 Jeff Engelen (ADR)<\/strong>:<\/p>\n\n\n\n<div class=\"wp-block-file\"><a href=\"https:\/\/energiematverstand.lu\/wpenergie\/wp-content\/uploads\/2020\/12\/QP_Engelen_24_09_2020.pdf\" target=\"_blank\" rel=\"noreferrer noopener\">Question_24.09.2020<\/a><\/div>\n\n\n\n<div class=\"wp-block-file\"><a href=\"https:\/\/energiematverstand.lu\/wpenergie\/wp-content\/uploads\/2020\/12\/ReponseQP_Engelen_28_10_2020.pdf\" target=\"_blank\" rel=\"noreferrer noopener\">R\u00e9ponse_28.10.2020<\/a><\/div>\n\n\n\n<p><strong>Question parlementaire &#8211; D\u00e9put\u00e9 Max Hahn (DP)<\/strong>:<\/p>\n\n\n\n<div class=\"wp-block-file\"><a href=\"https:\/\/energiematverstand.lu\/wpenergie\/wp-content\/uploads\/2021\/01\/QP_Hahn_26_11_2020.pdf\" target=\"_blank\" rel=\"noreferrer noopener\">Question_26.11.2020<\/a><\/div>\n\n\n\n<div class=\"wp-block-file\"><a href=\"https:\/\/energiematverstand.lu\/wpenergie\/wp-content\/uploads\/2021\/01\/ReponseQP_Hahn_23_12_2020.pdf\" target=\"_blank\" rel=\"noreferrer noopener\">R\u00e9ponse_23.12.2020<\/a><\/div>\n\n\n\n<div class=\"wp-block-file\"><a href=\"https:\/\/energiematverstand.lu\/wpenergie\/wp-content\/uploads\/2021\/01\/Analys_Heinen_AntwertQP_3206.pdf\" target=\"_blank\" rel=\"noreferrer noopener\">Analys_Pol Heinen<\/a><\/div>\n\n\n\n<p><strong>Communiqu\u00e9 d\u00e9i gr\u00e9ng Nordstad:<\/strong><\/p>\n\n\n\n<div class=\"wp-block-file\"><a href=\"https:\/\/energiematverstand.lu\/wpenergie\/wp-content\/uploads\/2021\/01\/digre\u0301ng.pdf\" target=\"_blank\" rel=\"noreferrer noopener\">Loosst eis endlech zesummeschaffen! 05.10.2020<\/a><\/div>\n","protected":false},"excerpt":{"rendered":"<p>Kommodo-Inkommodo-Prozedur: Question parlementaire &#8211; D\u00e9put\u00e9s Andr\u00e9 Bauler &amp; Gusty Graas (DP): Question parlementaire &#8211; D\u00e9put\u00e9 Jeff Engelen (ADR): Question parlementaire &#8211; D\u00e9put\u00e9 Max Hahn (DP): Communiqu\u00e9 d\u00e9i gr\u00e9ng Nordstad:<\/p>\n","protected":false},"author":5,"featured_media":0,"parent":0,"menu_order":0,"comment_status":"closed","ping_status":"closed","template":"","meta":[],"_links":{"self":[{"href":"https:\/\/energiematverstand.lu\/wpenergie\/wp-json\/wp\/v2\/pages\/1379"}],"collection":[{"href":"https:\/\/energiematverstand.lu\/wpenergie\/wp-json\/wp\/v2\/pages"}],"about":[{"href":"https:\/\/energiematverstand.lu\/wpenergie\/wp-json\/wp\/v2\/types\/page"}],"author":[{"embeddable":true,"href":"https:\/\/energiematverstand.lu\/wpenergie\/wp-json\/wp\/v2\/users\/5"}],"replies":[{"embeddable":true,"href":"https:\/\/energiematverstand.lu\/wpenergie\/wp-json\/wp\/v2\/comments?post=1379"}],"version-history":[{"count":2,"href":"https:\/\/energiematverstand.lu\/wpenergie\/wp-json\/wp\/v2\/pages\/1379\/revisions"}],"predecessor-version":[{"id":1410,"href":"https:\/\/energiematverstand.lu\/wpenergie\/wp-json\/wp\/v2\/pages\/1379\/revisions\/1410"}],"wp:attachment":[{"href":"https:\/\/energiematverstand.lu\/wpenergie\/wp-json\/wp\/v2\/media?parent=1379"}],"curies":[{"name":"wp","href":"https:\/\/api.w.org\/{rel}","templated":true}]}}