{"id":1395,"date":"2021-03-08T19:35:58","date_gmt":"2021-03-08T19:35:58","guid":{"rendered":"https:\/\/energiematverstand.lu\/wpenergie\/?page_id=1395"},"modified":"2021-03-08T20:28:55","modified_gmt":"2021-03-08T20:28:55","slug":"son-infrason","status":"publish","type":"page","link":"https:\/\/energiematverstand.lu\/wpenergie\/fr\/son-infrason\/","title":{"rendered":"Son &#038; infrason"},"content":{"rendered":"\n<figure class=\"wp-block-gallery columns-1 is-cropped wp-block-gallery-1 is-layout-flex\"><ul class=\"blocks-gallery-grid\"><li class=\"blocks-gallery-item\"><figure><img decoding=\"async\" loading=\"lazy\" width=\"1024\" height=\"382\" src=\"https:\/\/energiematverstand.lu\/wpenergie\/wp-content\/uploads\/2020\/12\/ein-bild-das-outdoorobjekt-windmuhle-sonnenunte-1024x382.jpeg\" alt=\"Ein Bild, das Outdoorobjekt, Windm\u00fchle, Sonnenuntergang enth\u00e4lt. Automatisch generierte Beschreibung\" data-id=\"514\" data-full-url=\"https:\/\/energiematverstand.lu\/wpenergie\/wp-content\/uploads\/2020\/12\/ein-bild-das-outdoorobjekt-windmuhle-sonnenunte.jpeg\" data-link=\"https:\/\/energiematverstand.lu\/wpenergie\/sample-page\/ein-bild-das-outdoorobjekt-windmuhle-sonnenunte\/\" class=\"wp-image-514\" srcset=\"https:\/\/energiematverstand.lu\/wpenergie\/wp-content\/uploads\/2020\/12\/ein-bild-das-outdoorobjekt-windmuhle-sonnenunte-1024x382.jpeg 1024w, https:\/\/energiematverstand.lu\/wpenergie\/wp-content\/uploads\/2020\/12\/ein-bild-das-outdoorobjekt-windmuhle-sonnenunte-300x112.jpeg 300w, https:\/\/energiematverstand.lu\/wpenergie\/wp-content\/uploads\/2020\/12\/ein-bild-das-outdoorobjekt-windmuhle-sonnenunte-768x286.jpeg 768w, https:\/\/energiematverstand.lu\/wpenergie\/wp-content\/uploads\/2020\/12\/ein-bild-das-outdoorobjekt-windmuhle-sonnenunte-1536x573.jpeg 1536w, https:\/\/energiematverstand.lu\/wpenergie\/wp-content\/uploads\/2020\/12\/ein-bild-das-outdoorobjekt-windmuhle-sonnenunte-624x233.jpeg 624w, https:\/\/energiematverstand.lu\/wpenergie\/wp-content\/uploads\/2020\/12\/ein-bild-das-outdoorobjekt-windmuhle-sonnenunte.jpeg 1920w\" sizes=\"(max-width: 1024px) 100vw, 1024px\" \/><\/figure><\/li><\/ul><\/figure>\n\n\n<p>L\u00b4\u00e9olienne de 230 m de haut et pr\u00e9vue \u00e0 750 m des premi\u00e8res habitations de Burden, est l\u00b4une des plus grandes au Grand-Duch\u00e9. Dans l\u2019enqu\u00eate commodo\/incommodo, on peut lire que les ing\u00e9nieurs de CSD constatent que l\u00b4\u00e9olienne en question d\u00e9passe, avec ses 40 d\u00e9cibels (dB) la nuit, les 35 dB autoris\u00e9s. Lorsqu\u00b4on tient compte du fait que la direction du vent n\u2019est souvent pas favorable au village, on peut en d\u00e9duire que le seuil du bruit r\u00e9el est sup\u00e9rieur \u00e0 celui calcul\u00e9 en th\u00e9orie. En diminuant la puissance \u00e9olienne, on peut rendre son impact conforme aux normes, mais qui contr\u00f4lera constamment si les normes sont effectivement respect\u00e9es\u00a0? A quoi sert la comparaison avec un frigo pour minimiser les nuisances sonores, comparaison faite par les promoteurs lors de la pr\u00e9sentation de l\u2019\u00e9olienne\u00a0? Il va sans dire que personne ne dormira volontairement \u00e0 c\u00f4t\u00e9 d\u00b4un frigo\u00a0!<\/p>\n<p>Lorsqu\u00b4on parle de bruit, il faut discerner entre son audible et infrason (inaudible). Le son ou le bruit, ph\u00e9nom\u00e8ne physique d\u2019origine m\u00e9canique, est constitu\u00e9 de variations de pression, exprim\u00e9es en fr\u00e9quences. L&#8217;oreille humaine per\u00e7oit les sons dans une plage de fr\u00e9quences qui s&#8217;\u00e9chelonne de 20 \u00e0 20.000 Hertz (Hz). Au-dessus de 20.000 Hz, on parle d\u2019ultrasons, en-dessous de 20 Hz, on parle d\u2019infrasons.<\/p>\n<p>M\u00eame si l\u2019\u00eatre humain (et animal) n\u00b4entend pas les infrasons, qui sont \u00e0 l\u2019origine d\u2019effets nuisibles et d\u00e9sagr\u00e9ables \u00e0 l\u2019homme, notre cerveau les per\u00e7oit par d\u2019autres voies que le seul chemin auditif. Ils sont ressentis par une transmission de l\u2019\u00e9nergie vibratoire \u00e0 d\u2019autres organes (peau, yeux, muscles, cr\u00e2ne et squelette, organes internes) et ils ont ainsi une influence sur notre organisme.<\/p>\n<p>Les sources des infrasons sont de nature technique (circulation, parcs \u00e9oliens, pompes \u00e0 chaleur, machines, climatisations, \u2026) ou naturelle (bruit de la mer, tonnerre, cascade &#8230;). Les infrasons ont la capacit\u00e9 de traverser les murs et les fen\u00eatres et peuvent s\u00b4amplifier \u00e0 l\u00b4int\u00e9rieur de la maison par r\u00e9troaction. La seule solution \u00e0 y apporter, est de respecter la bonne distance par rapport \u00e0 l\u00b4\u00e9olienne.<\/p>\n<p>Lors d\u00b4une interview sur RTL, notre ministre de l\u00b4Energie a d\u00e9clar\u00e9 que le Luxembourg a les r\u00e8gles les plus strictes en mati\u00e8re de distance \u00e0 respecter lors de la construction d\u00b4\u00e9oliennes. Dans la loi ITM.SST de <strong>2012<\/strong>, il est \u00e9crit \u00e0 l\u00b4article 10.3 .3.\u00a0: \u00ab\u00a0La distance minimale mesur\u00e9e en projection horizontale, qui doit s\u00e9parer l\u2019\u00e9olienne de toute habitation est de\u00a0<strong>300 m<\/strong>,\u00a0sous r\u00e9serve de conditions plus contraignantes impos\u00e9es par toute autre autorit\u00e9 comp\u00e9tente. \u00bb<\/p>\n<p>Les r\u00e8gles les plus strictes\u00a0? Vraiment\u00a0? En Allemagne, il y a le principe d\u2019une distance minimum de 1\u00a0000 m entre les \u00e9oliennes et les b\u00e2timents et en Bavi\u00e8re, on applique m\u00eame la \u00ab r\u00e8gle 10H \u00bb. Ce qui signifie que la distance entre l\u00b4\u00e9olienne et l\u2019habitation doit \u00eatre 10 fois la hauteur de l\u00b4\u00e9olienne, \u00e0 Burden cela impliquerait que l\u2019\u00e9olienne se trouve \u00e0 2,3 km des habitations et non pas \u00e0 750 m\u00a0!<\/p>\n<p>Et cette r\u00e9glementation repose sur une mesure relative, c\u2019est-\u00e0-dire que la distance entre l\u2019\u00e9olienne et les habitations est d\u00e9termin\u00e9e en fonction de la hauteur de l\u2019\u00e9olienne. La distance est une valeur dynamique, qui n\u2019est pas statique mais qui s\u2019adapte, donc contraire \u00e0 la valeur fixe de 300 m au Luxembourg.<\/p>\n<p>Nous avons plusieurs questions \u00e0 poser \u00e0 notre ministre de l\u00b4Energie\u00a0:<\/p>\n<p>Est-ce que les recommandations concernant les distances sont encore adapt\u00e9es \u00e0 un super- projet \u00e9olien de plus de 200 m de haut\u00a0?<\/p>\n<p>Qu\u00b4en est-il du son de basse fr\u00e9quence dont est fait abstraction dans les analyses, filtr\u00e9 par les diff\u00e9rents seuils de son ou qui n\u00b4est pas du tout mesur\u00e9, notamment de 0,1 Hz \u00e0 10 Hz\u00a0?<\/p>\n<p>Pourquoi mesure-t-on encore d\u2019apr\u00e8s les normes DIN de 1998, \u00e9poque \u00e0 laquelle les \u00e9oliennes avaient une hauteur de 30 \u00e0 70 m\u00a0? Pourquoi n\u00b4a- t-on pas encore actualis\u00e9 et adapt\u00e9 la loi ITM de 2012 alors qu\u00b4on \u00e9rige aujourd\u00b4hui des \u00e9oliennes de plus de 200 m de hauteur\u00a0?<\/p>\n<p>Que ferons-nous quand, comme en Allemagne, les superficies libres ne suffiront plus et qu\u00b4il faudra se rapprocher des surfaces habit\u00e9es et construire \u00e0 proximit\u00e9 ou dans les for\u00eats\u00a0?<\/p>\n<p><strong>Effets de l\u00b4infrason sur l\u00b4homme <\/strong><\/p>\n<p>Les rotors des \u00e9oliennes ont pour effet que les infrasons se propagent dans l\u00b4atmosph\u00e8re et dans le sol. Plus l\u00b4\u00e9olienne est grande, plus il y a de sons de basse fr\u00e9quence\u00a0; ces derniers sont absorb\u00e9s par notre corps et nos oreilles et d\u00e9clenchent des sympt\u00f4mes bien identifi\u00e9s\u00a0: Les personnes concern\u00e9es d\u00e9plorent des probl\u00e8mes de sommeil, maux de t\u00eate, vertiges, \u00ab\u00a0tinnitus\u00a0\u00bb, bourdonnements et vacarme dans la t\u00eate, d\u00e9pressions et probl\u00e8mes de tension art\u00e9rielle. Des recherches multiples faites par des m\u00e9decins et acousticiens \u00e0 l\u00b4\u00e9tranger ont d\u00e9montr\u00e9 clairement que l\u00b4infrason a des effets n\u00e9gatifs sur certains organes (cerveau, c\u0153ur).<\/p>\n<p>Madame Dieschbourg a r\u00e9pondu \u00e0 une question parlementaire de Monsieur Kartheiser, d\u00e9put\u00e9\u00a0:\u00a0\u00ab L\u00b4autorisation de construire des \u00e9oliennes doit <strong>exclure toute nuisance pour les habitants<\/strong> provoqu\u00e9e par des bourdonnements, de l\u00b4infrason ou des ombres port\u00e9es (Journal du 21.05.2015). Comment Madame Dieschbourg veut-elle garantir que les personnes concern\u00e9es par une \u00e9olienne soient prot\u00e9g\u00e9es contre des cons\u00e9quences sanitaires n\u00e9gatives si, ni le minist\u00e8re de l\u00b4Environnement ni le promoteur Soler S.A. ne d\u00e9tiennent d\u00b4\u00e9tudes \u00e0 long terme sur les effets des infrasons vis-\u00e0-vis des habitants concern\u00e9s.<\/p>\n<p>Il est remarquable que les pays qui tiennent \u00e0 un d\u00e9veloppement forc\u00e9 de l\u00b4\u00e9nergie \u00e9olienne soient les plus larges quant aux r\u00e8gles des distances\u00a0! Si on la compare \u00e0 d\u00b4autres Etats, on voit qu\u00b4ils ont des \u00e9carts beaucoup plus grands\u00a0: 3 km pour la Grande Bretagne si l\u00b4\u00e9olienne a plus de 150 m, ou 2,5 km aux Etats-Unis. Si l\u2019 \u00ab European Human Rights.Study\u00a0\u00bb recommande d\u00e9j\u00e0 en <strong>2012<\/strong> une distance de <strong>2 000 m<\/strong> ou le \u00ab\u00a0Aertzeforum Emissionsschutz\u00a0\u00bb en <strong>2014<\/strong> un <strong>minimum de 10H<\/strong>, alors nous nous demandons comment Monsieur Turmes peut parler \u00ab\u00a0des lois anti bruit les plus strictes en Europe \u00bb quand on n\u00b4exige seulement 300 m de distance. Quelle tromperie\u00a0! On se moque du citoyen et on ne prend pas au s\u00e9rieux ses pr\u00e9occupations.<\/p>\n<p>Notre gouvernement, tout comme les promoteurs d\u00b4\u00e9nergie \u00e9olienne, argumente souvent qu\u00b4un bruit qu\u00b4on n\u00b4entend pas, ne peut pas, \u00e0 ce qu\u00b4on sache, faire de mal. Lorsque des nuisances pour la sant\u00e9 sont invoqu\u00e9es, le minist\u00e8re se base toujours, depuis des ann\u00e9es, sur les m\u00eames \u00e9tudes qui n\u00b4ont pas d\u00e9cel\u00e9 d\u00b4effets n\u00e9gatifs sur la sant\u00e9. Une \u00e9tude (de l<strong>\u2019Agence nationale de s\u00e9curit\u00e9 sanitaire de l\u2019alimentation (<\/strong>ANSES) de 2017) conclut ainsi\u00a0: \u00ab\u00a0Consid\u00e9rant l\u2019importance de l\u2019effet des sons audibles sur la g\u00eane occasionn\u00e9e par les \u00e9oliennes, et compte tenu de lacunes actuelles dans ce domaine, le CES pr\u00e9conise de r\u00e9aliser des \u00e9tudes compl\u00e9mentaires portant sur la sonie de sons complexes basses fr\u00e9quences (pas uniquement des sons purs).\u00a0\u00bb Ceci devrait faire r\u00e9fl\u00e9chir nos responsables politiques. Ils devraient d\u00e9clarer un moratoire pour des installations de si grande ampleur industrielle avant que la recherche ne dispose de r\u00e9sultats d\u00e9taill\u00e9s sur les effets de l\u00b4infrason.<\/p>\n\n\n<div class=\"wp-block-group\"><div class=\"wp-block-group__inner-container is-layout-flow\">\n<p><strong><span class=\"has-inline-color has-blue-color\">Literatur zum Thema:<\/span><\/strong><\/p>\n\n\n\n<div class=\"wp-block-file\"><a href=\"https:\/\/energiematverstand.lu\/wpenergie\/wp-content\/uploads\/2020\/12\/IS_04.pdf\" target=\"_blank\" rel=\"noreferrer noopener\">Der Schall, den man nicht h\u00f6rt<\/a><\/div>\n\n\n\n<div class=\"wp-block-file\"><a href=\"https:\/\/energiematverstand.lu\/wpenergie\/wp-content\/uploads\/2020\/12\/IS_06.pdf\" target=\"_blank\" rel=\"noreferrer noopener\">Infraschall aus Windenergieanlagen \u2013<br>ein verkanntes Gesundheitsrisiko<\/a><\/div>\n\n\n\n<div class=\"wp-block-file\"><a href=\"https:\/\/energiematverstand.lu\/wpenergie\/wp-content\/uploads\/2020\/12\/IS_13.pdf\" target=\"_blank\" rel=\"noreferrer noopener\">Medizinische Aspekte des<br>Windkraftausbaus<\/a><\/div>\n\n\n\n<div class=\"wp-block-file\"><a href=\"https:\/\/energiematverstand.lu\/wpenergie\/wp-content\/uploads\/2021\/01\/Schall_03.pdf\" target=\"_blank\" rel=\"noreferrer noopener\">Aufsatz zum Thema Schall von Dr. med. Stephan Kaula<\/a><\/div>\n\n\n\n<div class=\"wp-block-file\"><a href=\"https:\/\/energiematverstand.lu\/wpenergie\/wp-content\/uploads\/2021\/01\/Schall_06.pdf\" target=\"_blank\" rel=\"noreferrer noopener\">Gesundheitsgefahr durch Anwendung \u00fcberholter Normen und Richtlinien zur Bewertung von Schall, generiert durch gro\u00dfe Windkraftanlagen<\/a><\/div>\n<\/div><\/div>\n\n\n\n<div class=\"wp-block-columns is-layout-flex wp-container-7\">\n<div class=\"wp-block-column is-layout-flow\" style=\"flex-basis:33.34%\">\n<figure class=\"wp-block-embed is-type-video is-provider-youtube wp-block-embed-youtube wp-embed-aspect-4-3 wp-has-aspect-ratio\"><div class=\"wp-block-embed__wrapper\">\n<iframe loading=\"lazy\" title=\"Das Leben in der N\u00e4he von Windrad-Riesen -- ein Erfahrungsbericht\" width=\"625\" height=\"469\" src=\"https:\/\/www.youtube.com\/embed\/TAezbPBbkaU?feature=oembed\" frameborder=\"0\" allow=\"accelerometer; autoplay; clipboard-write; encrypted-media; gyroscope; picture-in-picture\" allowfullscreen><\/iframe>\n<\/div><\/figure>\n<\/div>\n\n\n\n<div class=\"wp-block-column is-layout-flow\" style=\"flex-basis:33.34%\"><\/div>\n\n\n\n<div class=\"wp-block-column is-layout-flow\" style=\"flex-basis:33.33%\"><\/div>\n<\/div>\n","protected":false},"excerpt":{"rendered":"<p>L\u00b4\u00e9olienne de 230 m de haut et pr\u00e9vue \u00e0 750 m des premi\u00e8res habitations de Burden, est l\u00b4une des plus grandes au Grand-Duch\u00e9. Dans l\u2019enqu\u00eate commodo\/incommodo, on peut lire que les ing\u00e9nieurs de CSD constatent que l\u00b4\u00e9olienne en question d\u00e9passe, avec ses 40 d\u00e9cibels (dB) la nuit, les 35 dB autoris\u00e9s. Lorsqu\u00b4on tient compte du [&hellip;]<\/p>\n","protected":false},"author":5,"featured_media":0,"parent":0,"menu_order":0,"comment_status":"closed","ping_status":"closed","template":"","meta":[],"_links":{"self":[{"href":"https:\/\/energiematverstand.lu\/wpenergie\/wp-json\/wp\/v2\/pages\/1395"}],"collection":[{"href":"https:\/\/energiematverstand.lu\/wpenergie\/wp-json\/wp\/v2\/pages"}],"about":[{"href":"https:\/\/energiematverstand.lu\/wpenergie\/wp-json\/wp\/v2\/types\/page"}],"author":[{"embeddable":true,"href":"https:\/\/energiematverstand.lu\/wpenergie\/wp-json\/wp\/v2\/users\/5"}],"replies":[{"embeddable":true,"href":"https:\/\/energiematverstand.lu\/wpenergie\/wp-json\/wp\/v2\/comments?post=1395"}],"version-history":[{"count":2,"href":"https:\/\/energiematverstand.lu\/wpenergie\/wp-json\/wp\/v2\/pages\/1395\/revisions"}],"predecessor-version":[{"id":1397,"href":"https:\/\/energiematverstand.lu\/wpenergie\/wp-json\/wp\/v2\/pages\/1395\/revisions\/1397"}],"wp:attachment":[{"href":"https:\/\/energiematverstand.lu\/wpenergie\/wp-json\/wp\/v2\/media?parent=1395"}],"curies":[{"name":"wp","href":"https:\/\/api.w.org\/{rel}","templated":true}]}}