{"id":1526,"date":"2021-03-26T12:53:19","date_gmt":"2021-03-26T12:53:19","guid":{"rendered":"https:\/\/energiematverstand.lu\/wpenergie\/?page_id=1526"},"modified":"2021-03-26T13:33:42","modified_gmt":"2021-03-26T13:33:42","slug":"firwat-member-ginn","status":"publish","type":"page","link":"https:\/\/energiematverstand.lu\/wpenergie\/firwat-member-ginn\/","title":{"rendered":"Firwat Member ginn?"},"content":{"rendered":"\n<figure class=\"wp-block-image size-large\"><img decoding=\"async\" loading=\"lazy\" width=\"1024\" height=\"308\" src=\"https:\/\/energiematverstand.lu\/wpenergie\/wp-content\/uploads\/2021\/03\/milan2-1024x308.jpg\" alt=\"\" class=\"wp-image-1539\" srcset=\"https:\/\/energiematverstand.lu\/wpenergie\/wp-content\/uploads\/2021\/03\/milan2-1024x308.jpg 1024w, https:\/\/energiematverstand.lu\/wpenergie\/wp-content\/uploads\/2021\/03\/milan2-300x90.jpg 300w, https:\/\/energiematverstand.lu\/wpenergie\/wp-content\/uploads\/2021\/03\/milan2-768x231.jpg 768w, https:\/\/energiematverstand.lu\/wpenergie\/wp-content\/uploads\/2021\/03\/milan2-1536x462.jpg 1536w, https:\/\/energiematverstand.lu\/wpenergie\/wp-content\/uploads\/2021\/03\/milan2-624x188.jpg 624w, https:\/\/energiematverstand.lu\/wpenergie\/wp-content\/uploads\/2021\/03\/milan2.jpg 1763w\" sizes=\"(max-width: 1024px) 100vw, 1024px\" \/><\/figure>\n\n\n<h2>Ziler vun eiser <span style=\"background-color: #ffffff;\">Asbl<\/span> sinn:<\/h2>\n<ul style=\"list-style-type: disc;\">\n<li><span style=\"color: #000000;\"><span style=\"color: #000000;\"><strong><span style=\"background-color: #ffffff;\">De Bau vun der Wandmillen \u201eAuf der Hasenbach\u201c verh\u00ebnneren! <\/span><\/strong><\/span><\/span>\n<p>\u00a0<\/p>\n<\/li>\n<li><span style=\"color: #000000;\"><span style=\"color: #000000;\"><strong><span style=\"background-color: #ffffff;\">De Bierger iwwert den Afloss vu Wandmillen op d\u2019Gesondheet vum M\u00ebnsch an op d\u2018Flora an d\u2019Fauna inform\u00e9ieren. <\/span><\/strong><\/span><\/span>\n<p>\u00a0<\/p>\n<\/li>\n<li><span style=\"color: #000000;\"><span style=\"color: #000000;\"><strong><span style=\"background-color: #ffffff;\">Een nationale Wandmillen &#8211; Kadasterplang propos\u00e9ieren, sou datt d\u2019Gemengen an hiren Fl\u00e4chennotzungspl\u00e4ng der Wandenergie dee Raum k\u00ebnne ginn, deen onbedenklech fir d\u2018Natur an de M\u00ebnsch ass. <\/span><\/strong><\/span><\/span>\n<p>\u00a0<\/p>\n<\/li>\n<li><span style=\"color: #000000;\"><strong><span style=\"background-color: #ffffff;\">10H-Reegel als Norm fuerderen fir ze garant\u00e9ieren, datt beim weidere Wandkraftausbau d\u2018Gesondheet an d\u2018Wuel vun de Bierger garant\u00e9iert g\u00ebtt.<\/span><\/strong><\/span><\/li>\n<li><span style=\"color: #000000;\"><span style=\"color: #000000;\"><strong><span style=\"background-color: #ffffff;\">Iwwert d\u2018Wirtschaftlechkeet vu Wandmillen inform\u00e9ieren. <\/span><\/strong><\/span><\/span>\n<p>\u00a0<\/p>\n<\/li>\n<li><span style=\"color: #000000;\"><span style=\"color: #000000;\"><strong><span style=\"background-color: #ffffff;\">De Bierger iwwert d\u2019Risike beim Bau, Betrib a beim Ofrappe vun enger Wandmillen opkl\u00e4ren. <\/span><\/strong><\/span><\/span>\n<p>\u00a0<\/p>\n<\/li>\n<li><span style=\"color: #000000;\"><strong><span style=\"background-color: #ffffff;\">D\u2019Politiker iwwerzeege vun der Noutwendegkeet, datt bei neie Geneemegunge vu Wandmillen aktualis\u00e9iert Schall-Normen respekt\u00e9iert ginn.<\/span><\/strong><\/span><\/li>\n<\/ul>\n<p>Wat mir zu m\u00e9i sinn, wat mir m\u00e9i erreeche k\u00ebnne bei Gemengen- a Landespolitik. Dir k\u00ebnnt eis dob\u00e4i h\u00ebllefen sief et duerch \u00e4r Mataarbecht oder duerch eng finanziell \u00cbnnerst\u00ebtzung.<\/p>\n<p>Op finanziell M\u00ebttele si mir ugewisen, well Flyeren, Plakater, Aktiounen an Affekotshonorairen kaschte vill Geld. Dofir free\u00eb mir eis iwwer jiddwer finanzielle B\u00e4itrag sief et a Form vun engem Don oder vun enger Memberskaart.<\/p>\n<p><strong>Merci am Numm vum Comit\u00e9!<\/strong><\/p>","protected":false},"excerpt":{"rendered":"<p>Ziler vun eiser Asbl sinn: De Bau vun der Wandmillen \u201eAuf der Hasenbach\u201c verh\u00ebnneren! \u00a0 De Bierger iwwert den Afloss vu Wandmillen op d\u2019Gesondheet vum M\u00ebnsch an op d\u2018Flora an d\u2019Fauna inform\u00e9ieren. \u00a0 Een nationale Wandmillen &#8211; Kadasterplang propos\u00e9ieren, sou datt d\u2019Gemengen an hiren Fl\u00e4chennotzungspl\u00e4ng der Wandenergie dee Raum k\u00ebnne ginn, deen onbedenklech fir d\u2018Natur [&hellip;]<\/p>\n","protected":false},"author":5,"featured_media":0,"parent":0,"menu_order":0,"comment_status":"closed","ping_status":"closed","template":"","meta":[],"_links":{"self":[{"href":"https:\/\/energiematverstand.lu\/wpenergie\/wp-json\/wp\/v2\/pages\/1526"}],"collection":[{"href":"https:\/\/energiematverstand.lu\/wpenergie\/wp-json\/wp\/v2\/pages"}],"about":[{"href":"https:\/\/energiematverstand.lu\/wpenergie\/wp-json\/wp\/v2\/types\/page"}],"author":[{"embeddable":true,"href":"https:\/\/energiematverstand.lu\/wpenergie\/wp-json\/wp\/v2\/users\/5"}],"replies":[{"embeddable":true,"href":"https:\/\/energiematverstand.lu\/wpenergie\/wp-json\/wp\/v2\/comments?post=1526"}],"version-history":[{"count":8,"href":"https:\/\/energiematverstand.lu\/wpenergie\/wp-json\/wp\/v2\/pages\/1526\/revisions"}],"predecessor-version":[{"id":1543,"href":"https:\/\/energiematverstand.lu\/wpenergie\/wp-json\/wp\/v2\/pages\/1526\/revisions\/1543"}],"wp:attachment":[{"href":"https:\/\/energiematverstand.lu\/wpenergie\/wp-json\/wp\/v2\/media?parent=1526"}],"curies":[{"name":"wp","href":"https:\/\/api.w.org\/{rel}","templated":true}]}}