{"id":21,"date":"2020-12-01T19:43:05","date_gmt":"2020-12-01T19:43:05","guid":{"rendered":"https:\/\/energiematverstand.lu\/wpenergie\/?page_id=21"},"modified":"2021-01-19T18:58:29","modified_gmt":"2021-01-19T18:58:29","slug":"wertminderung","status":"publish","type":"page","link":"https:\/\/energiematverstand.lu\/wpenergie\/wertminderung\/","title":{"rendered":"Immo-W\u00e4ertverloscht"},"content":{"rendered":"\n<figure class=\"wp-block-gallery columns-2 is-cropped wp-block-gallery-1 is-layout-flex\"><ul class=\"blocks-gallery-grid\"><li class=\"blocks-gallery-item\"><figure><img decoding=\"async\" loading=\"lazy\" width=\"1024\" height=\"561\" src=\"https:\/\/energiematverstand.lu\/wpenergie\/wp-content\/uploads\/2021\/01\/31341324-1024x561.jpg\" alt=\"\" data-id=\"1159\" data-full-url=\"https:\/\/energiematverstand.lu\/wpenergie\/wp-content\/uploads\/2021\/01\/31341324.jpg\" data-link=\"https:\/\/energiematverstand.lu\/wpenergie\/wertminderung\/attachment\/31341324\/\" class=\"wp-image-1159\" srcset=\"https:\/\/energiematverstand.lu\/wpenergie\/wp-content\/uploads\/2021\/01\/31341324-1024x561.jpg 1024w, https:\/\/energiematverstand.lu\/wpenergie\/wp-content\/uploads\/2021\/01\/31341324-300x164.jpg 300w, https:\/\/energiematverstand.lu\/wpenergie\/wp-content\/uploads\/2021\/01\/31341324-768x420.jpg 768w, https:\/\/energiematverstand.lu\/wpenergie\/wp-content\/uploads\/2021\/01\/31341324-624x342.jpg 624w, https:\/\/energiematverstand.lu\/wpenergie\/wp-content\/uploads\/2021\/01\/31341324.jpg 1202w\" sizes=\"(max-width: 1024px) 100vw, 1024px\" \/><\/figure><\/li><li class=\"blocks-gallery-item\"><figure><img decoding=\"async\" loading=\"lazy\" width=\"770\" height=\"420\" src=\"https:\/\/energiematverstand.lu\/wpenergie\/wp-content\/uploads\/2021\/01\/\u00a721\u00a712.jpg\" alt=\"\" data-id=\"1158\" data-link=\"https:\/\/energiematverstand.lu\/wpenergie\/wertminderung\/%c2%a721%c2%a712\/\" class=\"wp-image-1158\" srcset=\"https:\/\/energiematverstand.lu\/wpenergie\/wp-content\/uploads\/2021\/01\/\u00a721\u00a712.jpg 770w, https:\/\/energiematverstand.lu\/wpenergie\/wp-content\/uploads\/2021\/01\/\u00a721\u00a712-300x164.jpg 300w, https:\/\/energiematverstand.lu\/wpenergie\/wp-content\/uploads\/2021\/01\/\u00a721\u00a712-768x419.jpg 768w, https:\/\/energiematverstand.lu\/wpenergie\/wp-content\/uploads\/2021\/01\/\u00a721\u00a712-624x340.jpg 624w\" sizes=\"(max-width: 770px) 100vw, 770px\" \/><\/figure><\/li><\/ul><\/figure>\n\n\n<p>De geplangte Bau vun enger Wandmillen \u00abAuf dem Hasenbach\u00bb, n\u00ebmme 750 m vun den \u00e9ischten Haiser vu Bierden ewech, huet eng Rei negativ Konsequenze fir d\u2019Bewunner. Verloscht vu Liewensqualit\u00e9it a Gesondheetsrisiken, d\u00e9i an hirem ganzen Ausmooss nach net ze jug\u00e9iere sinn.<\/p>\n<p>Eng weider Folleg ass eng zolidd Perte um W\u00e4ert vun den Haiser an den Terrainen. Fachleit chiffr\u00e9ieren d\u2019Verloschter bis op 30 % a m\u00e9i. Zitat vum H\u00e4r Schick (Spriecher vum Verband Deutscher Makler): \u00abZahlreiche Immobilien in der N\u00e4he von Windkraftanlagen sind quasi unverk\u00e4uflich\u00bb.<\/p>\n<p>Aus der Studie \u201eLocal Cost for Global Benefit: The Case of Wind Turbines\u201c hu W\u00ebssenschaftler bal dr\u00e4i Milliounen Immobilien-Offerten t\u00ebschent de Joren 2007 an 2015 analys\u00e9iert a mat de Geodate vu ronn 27.000 Wandmille verglach.<\/p>\n<p>Resultat: L\u00e4ndlech gelee\u00ebn Haiser verl\u00e9ieren d\u00e4itlech u W\u00e4ert, wa se am \u00cbmfeld vu Wandmille leien. \u201eIn absoluten Zahlen kann das einen Verm\u00f6gensverlust f\u00fcr Hausbesitzer von mehreren zehntausend Euro bedeuten\u201c, sagte Studienleiter Manuel Frondel: \u201eDer Effekt schrumpft auf null bei einem Abstand von acht bis neun Kilometern.\u201c<\/p>\n<p>Wee keeft een Haus, wou ee mueres mat \u00abSchattenwurf\u00bb Kaffi dr\u00e9nkt an nuets am Summer net mat oppener F\u00ebnster schlofe kann? Wee k\u00ebnnt fir dee W\u00e4ertverloscht op?<\/p>\n<p>Suergt de Bedreiwer, d\u2019Nordenergie SA oder eis Regierung fir de finanziellen Ausgl\u00e4ich vun der Perte, d\u00e9i de Leit vu Bierden an d\u2019Haus steet, wann d\u00e9i riseg Wandmille bis do steet?<\/p>\n<p>D\u2019Argument vun der sozialer Verflichtung oder Solidarit\u00e9it an der Klimafro oder der \u201eEnergiewende\u201c kann net g\u00ebllen: vum Ausbau vun der Wandkraaft profit\u00e9iere virun allem d\u2019Promoteuren, d\u2019Wandmillebedreiwer, d\u2019Hiersteller a Verpiechter.<\/p>\n<p>Als Bonus d\u00e4erf den Hausbes\u00ebtzer dann iwwert d\u2019Taxen de compensation d\u2019Subventioun vum gr\u00e9nge Stroum bezuelen. De Bierdener Bierger g\u00ebtt deemno zweemol bestrooft.<\/p>\n<p><strong>Mir fuerderen also ee finanziellen Ausgl\u00e4ich fir de Verloscht, deen duerch de Bau vun enger 230 m h\u00e9ijer Wandmillen entsteet.<\/strong> Dernieft soll esou eng Wandmille w\u00e9instens 10H-Reegel respekt\u00e9ieren, fir de W\u00e4ertverloscht esou kleng w\u00e9i m\u00e9iglech ze halen.<\/p>","protected":false},"excerpt":{"rendered":"<p>De geplangte Bau vun enger Wandmillen \u00abAuf dem Hasenbach\u00bb, n\u00ebmme 750 m vun den \u00e9ischten Haiser vu Bierden ewech, huet eng Rei negativ Konsequenze fir d\u2019Bewunner. Verloscht vu Liewensqualit\u00e9it a Gesondheetsrisiken, d\u00e9i an hirem ganzen Ausmooss nach net ze jug\u00e9iere sinn. Eng weider Folleg ass eng zolidd Perte um W\u00e4ert vun den Haiser an den [&hellip;]<\/p>\n","protected":false},"author":5,"featured_media":0,"parent":0,"menu_order":0,"comment_status":"closed","ping_status":"closed","template":"","meta":[],"_links":{"self":[{"href":"https:\/\/energiematverstand.lu\/wpenergie\/wp-json\/wp\/v2\/pages\/21"}],"collection":[{"href":"https:\/\/energiematverstand.lu\/wpenergie\/wp-json\/wp\/v2\/pages"}],"about":[{"href":"https:\/\/energiematverstand.lu\/wpenergie\/wp-json\/wp\/v2\/types\/page"}],"author":[{"embeddable":true,"href":"https:\/\/energiematverstand.lu\/wpenergie\/wp-json\/wp\/v2\/users\/5"}],"replies":[{"embeddable":true,"href":"https:\/\/energiematverstand.lu\/wpenergie\/wp-json\/wp\/v2\/comments?post=21"}],"version-history":[{"count":9,"href":"https:\/\/energiematverstand.lu\/wpenergie\/wp-json\/wp\/v2\/pages\/21\/revisions"}],"predecessor-version":[{"id":1160,"href":"https:\/\/energiematverstand.lu\/wpenergie\/wp-json\/wp\/v2\/pages\/21\/revisions\/1160"}],"wp:attachment":[{"href":"https:\/\/energiematverstand.lu\/wpenergie\/wp-json\/wp\/v2\/media?parent=21"}],"curies":[{"name":"wp","href":"https:\/\/api.w.org\/{rel}","templated":true}]}}