{"id":485,"date":"2020-12-22T10:55:29","date_gmt":"2020-12-22T10:55:29","guid":{"rendered":"https:\/\/energiematverstand.lu\/wpenergie\/?page_id=485"},"modified":"2021-03-01T18:55:37","modified_gmt":"2021-03-01T18:55:37","slug":"eis-asbl","status":"publish","type":"page","link":"https:\/\/energiematverstand.lu\/wpenergie\/","title":{"rendered":"ASBL"},"content":{"rendered":"\n<figure class=\"wp-block-gallery columns-2 is-cropped wp-block-gallery-1 is-layout-flex\"><ul class=\"blocks-gallery-grid\"><li class=\"blocks-gallery-item\"><figure><img decoding=\"async\" loading=\"lazy\" width=\"1024\" height=\"620\" src=\"https:\/\/energiematverstand.lu\/wpenergie\/wp-content\/uploads\/2021\/01\/Capture23-1024x620.jpg\" alt=\"\" data-id=\"730\" data-link=\"https:\/\/energiematverstand.lu\/wpenergie\/eis-asbl\/capture23\/\" class=\"wp-image-730\" srcset=\"https:\/\/energiematverstand.lu\/wpenergie\/wp-content\/uploads\/2021\/01\/Capture23-1024x620.jpg 1024w, https:\/\/energiematverstand.lu\/wpenergie\/wp-content\/uploads\/2021\/01\/Capture23-300x182.jpg 300w, https:\/\/energiematverstand.lu\/wpenergie\/wp-content\/uploads\/2021\/01\/Capture23-768x465.jpg 768w, https:\/\/energiematverstand.lu\/wpenergie\/wp-content\/uploads\/2021\/01\/Capture23-624x378.jpg 624w, https:\/\/energiematverstand.lu\/wpenergie\/wp-content\/uploads\/2021\/01\/Capture23.jpg 1095w\" sizes=\"(max-width: 1024px) 100vw, 1024px\" \/><\/figure><\/li><li class=\"blocks-gallery-item\"><figure><img decoding=\"async\" loading=\"lazy\" width=\"1024\" height=\"721\" src=\"https:\/\/energiematverstand.lu\/wpenergie\/wp-content\/uploads\/2021\/01\/Capture20-2-1024x721.jpg\" alt=\"\" data-id=\"1024\" data-full-url=\"https:\/\/energiematverstand.lu\/wpenergie\/wp-content\/uploads\/2021\/01\/Capture20-2.jpg\" data-link=\"https:\/\/energiematverstand.lu\/wpenergie\/eis-asbl\/capture20-2\/\" class=\"wp-image-1024\" srcset=\"https:\/\/energiematverstand.lu\/wpenergie\/wp-content\/uploads\/2021\/01\/Capture20-2-1024x721.jpg 1024w, https:\/\/energiematverstand.lu\/wpenergie\/wp-content\/uploads\/2021\/01\/Capture20-2-300x211.jpg 300w, https:\/\/energiematverstand.lu\/wpenergie\/wp-content\/uploads\/2021\/01\/Capture20-2-768x541.jpg 768w, https:\/\/energiematverstand.lu\/wpenergie\/wp-content\/uploads\/2021\/01\/Capture20-2-624x440.jpg 624w, https:\/\/energiematverstand.lu\/wpenergie\/wp-content\/uploads\/2021\/01\/Capture20-2.jpg 1073w\" sizes=\"(max-width: 1024px) 100vw, 1024px\" \/><\/figure><\/li><\/ul><\/figure>\n\n\n<h2><strong>Firwat wiert sech praktesch e ganzt Duerf g\u00e9int de Bau vun enger Wandmillen?<\/strong><\/h2>\n<h3><strong>Historik<\/strong><\/h3>\n<p>Z\u00ebnter <strong>2015<\/strong> hunn d\u2019Gemengen Dikrech an Ettelbr\u00e9ck de Plang, duerch Wandkraaft, d.h. Wandmillen, Elektrizit\u00e9it fir hire Stroumbedreiwer \u00ab Nordenergie S.A. \u00bb ze produz\u00e9ieren.<\/p>\n<p><strong>Nordenergie <\/strong>S.A. (Gemeng Dikrech, Gemeng Ettelbr\u00e9ck, Enovos) zesummen mat <strong>\u00a0Soler<\/strong> S.A. ( Enovos, SEO) f\u00e4nke mat den Et\u00fcden un, fir zwou passend Plazen ze fannen, \u00a0fir jeeweils eng Wandmillen an hirer Gemeng opzeriichten.<\/p>\n<p>Zur Informatioun: Enn <strong>2019<\/strong> gr\u00ebnnen d\u2019Gemeng Dikrech, d\u2019Gemeng Ettelbr\u00e9ck an d\u00e9i 2 Gesellschaften Nordenergie S.A. a Soler S.A.\u00a0 d\u2019Gesellschaft \u00a0<strong>\u00a0\u00ab\u00a0<\/strong><strong>Wandpark Nordenergie<\/strong> <strong>S.A<\/strong>. <strong>\u00bb<\/strong>.<\/p>\n<p>Wat och \u00ebmmer d\u2019Gr\u00ebnn waren, ee Site deen ugaangs zu Dikrech virgesi woer, gouf verworf. Firwat dunn net geplangt gouf, dann n\u00ebmmen d\u00e9i eng Wandmillen , w\u00e9i virgesinn, zu Ettelbr\u00e9ck um \u00ab Karelshaff \u00bb opzeriichten, ass eis net bekannt; grad esou firwat du gekuckt gouf, och d\u00e9i zweet zous\u00e4tzlech zu Ettelbr\u00e9ck ze bauen.<\/p>\n<p>Sp\u00e9itstens <strong>ufanks 2018<\/strong> gouf op Ettelbr\u00e9cker Territoire,<strong> n\u00ebmmen 200 Meter virun der Grenz zu der Ierpeldenger Gemeng <\/strong>&#8211; \u00ab Auf der Hasenbach \u00bb,<strong> 750 Meter virun den \u00e9ischten Haiser vu Bierden &#8211; <\/strong>den 2. Site als <strong>Noutl\u00e9isung <\/strong>festgehal. Sp\u00e9itstens elo h\u00e4tt d\u2019IerpeIdenger Gemeng vun Ettelbr\u00e9ck an Dikrech missen onbed\u00e9ngt inform\u00e9iert ginn.<\/p>\n<p>Er\u00e9ischt den <strong>28. September 2018<\/strong> &#8211; no Ausso vum Ettelbr\u00e9cker Buergermeeschter &#8211; gouf den Ierpeldenger Sch\u00e4fferot inform\u00e9iert, datt eng Wandmillen viru Bierden gebaut soll ginn. Wat do genau bei dem Informatiounsmeeting beschwat gouf, ass eis onbekannt. Et muss ee sech froen, ob si all Informatiounen kritt hunn, well soss h\u00e4tte si best\u00ebmmt reag\u00e9iert.<\/p>\n<p>Mat enger Gesamth\u00e9icht vun <strong>230 Meter<\/strong> soll d\u00ebs Wandmillen d\u00e9i gr\u00e9isst am Land ginn a mat n\u00ebmmen <strong>750 Meter &#8211; <\/strong>sou no w\u00e9i nach ni &#8211; virun den \u00e9ischte bewunnten Haiser\u00a0opgeriicht ginn.<\/p>\n<h3><strong>Kommodo\/Inkommodo Prozedur<\/strong><\/h3>\n<p>An der T\u00ebschenz\u00e4it ass d\u2018Zesummenstelle vum Kommodo\/Inkommodo Dossier realis\u00e9iert\u00a0ginn. D\u2019Bierger vu Bierden sollten awer richt gutt 1 \u00bd Joer m\u00e9i sp\u00e9it, den <strong>19. M\u00e4erz 2020<\/strong>, bei enger Informatiounsversammlung zu Bierden am Centre Maesch iwwert de Projet inform\u00e9iert ginn. D\u00ebst ass awer w\u00e9inst Corona ausgefall.<\/p>\n<p>Den 2. Rendezvous fir d\u00ebs Informatiounsversammlung war\u00a0den <strong>9. Juli 2020<\/strong> an der D\u00e4ichhal zu Ettelbr\u00e9ck. <br \/>Zu deem Z\u00e4itpunkt war\u00a0d\u00e9i lescht Phase vun der Kommodo\/Inkommodo Prozedur schonns vum <strong>6. Juli 2020<\/strong> un am Gaang. Den Dossier vun ca. 800 Pabeier-S\u00e4iten konnt all Interess\u00e9ierten op der Ettelbr\u00e9cker Gemeng consult\u00e9ieren. Den Dossier war weeder op USB Stick nach iwwer Download disponibel, d.h., et huet\u00a0 een alles,\u00a0 mat villen techneschen Detailer d\u00e9i fir e Laien net einfach verst\u00e4ndlech waren, missen sur Place kucken a prob\u00e9ieren direkt ze verstoen. <br \/>Eventuell Observatiounen zum Dossier hu missen bis den 20. Juli 2020 schr\u00ebftlech op der Ettelbr\u00e9cker Gemeng depos\u00e9iert\u00a0sinn.<\/p>\n<p>Kann een engem verdenken, d\u00ebs Approche &#8211; fir et eis Bierger vu Bierden aus z\u00e4itleche Gr\u00ebnn bal onm\u00e9iglech ze maachen, g\u00e9int de Kommodo\/Inkommodo Dossier ze reklam\u00e9ieren &#8211; als taktesche Man\u00f6ver ze qualifiz\u00e9ieren?<\/p>\n<p>Et f\u00e4lt\u00a0op, datt praktesch all offiziell Delaie w\u00e9inst Corona no hanne ger\u00e9ckelt gi sinn, just d\u2019Prozedur fir d\u2019Geneemegung vun der Wandmille viru Bierden wor net dervu betraff; do muss ee sech dach Froe stellen \u2026<\/p>\n<p>W\u00e9inst engem Formfeeler an der Prozedur huet d\u2019Gemeng Ettelbr\u00e9ck missen eng zweete K\u00e9ier de Kommodo\/Inkommodo vum 12. bis 27. August aush\u00e4nken. Doduerch hate mir d\u2019Gelee\u00ebnheet zous\u00e4tzlech \u00cbnnerschr\u00ebften a Br\u00e9iwer anzereechen.<\/p>\n<p>Trotz Vakanzenz\u00e4it hu mir eise Reklamatiounsdossier zesummegesat; verschidde Bierger vu Bierden an Ierpeldeng, awer och vun ausw\u00e4erts, hu selwer zous\u00e4tzlech Br\u00e9iwer g\u00e9int d\u2019Wandmillen un den Ettelbr\u00e9cker Sch\u00e4fferot adress\u00e9iert.<\/p>\n<p>Mat insgesamt <strong>458 \u00cbnnerschr\u00ebften<\/strong>, dovun <strong>278 Awunner<\/strong> vu <strong>Bierden <\/strong>\u2013 <strong>iwwer 93%<\/strong> vun den erreechbaren <strong>168 St\u00e9it<\/strong> \u2013 hu sech solidaresch erkl\u00e4ert, fir g\u00e9int d\u00ebs Wandmillen ze protest\u00e9ieren.<\/p>\n<p>Den <strong>28. August 2020<\/strong> waren net manner w\u00e9i <strong>16 Leit<\/strong> &#8211; dor\u00ebnner 2 Representanten aus dem Ierpeldenger Sch\u00e4ffe- respektiv Gemengerot &#8211; an och d\u2019Press, op der \u00ebffentlecher Unh\u00e9ierung mam Ettelbr\u00e9cker Sch\u00e4ffen Dr. Solvi an dem Gemengesekret\u00e4r, fir nach eng K\u00e9ier hir Suergen an \u00c4ngschten mat Nodrock m\u00ebndlech virzedroen.<\/p>\n<h3><strong>Echo an der Press, Sich no \u00cbnnerst\u00ebtzung, Gr\u00ebnnung vun enger Asbl <\/strong><\/h3>\n<p>RTL an d\u00e9i geschriwwe Press huet sech fir den Dossier interess\u00e9iert an an diverse Reportag\u00eb respektiv Artikelen eist Uleies publiz\u00e9iert. An der Chamber goufen 2 Questions parlementaires agereecht. Net ze vergiessen, d\u00e9i vill Lieserbr\u00e9iwer a Kommentaren an den Dageszeitungen an op RTL, d\u00e9i eis \u00ebnnerst\u00ebtzt hunn.<\/p>\n<p>Duerno si mir weider aktiv bliwwen: Mir hunn eis dokument\u00e9iert a Kontakt mat anere Biergerinitiativen a private Bierger am Land opgeholl.<\/p>\n<p>Des Weideren hu mir zu e puer en Affekot kontakt\u00e9iert, fir eis iwwer d\u2018M\u00e9iglechkeeten z\u2018inform\u00e9ieren, d\u00e9i mir hunn, fir g\u00e9int d\u00ebs riseg a vill ze no Wandmillen ze wieren.<\/p>\n<p>Den <strong>3. Dezember 2020<\/strong> war\u00a0eng Delegatioun vu Bierdener Bierger mam Ierpeldenger Sch\u00e4fferot zesummekomm, fir ze kucken, w\u00e9i mir eis Aktiounen, fir g\u00e9int d\u00e9i Wandmille virzegoen, koordin\u00e9iere k\u00ebnnen. De Fazit aus der Reunioun war, datt sech de Sch\u00e4fferot ganz kloer g\u00e9int de Standuert \u00ab Auf der Hasenbach \u00bb viru Bierden ausgesprach huet an datt de Gemengerot nach \u00ebmmer d\u2019M\u00e9iglechkeet h\u00e4tt, <strong>kee Referendum zur Fusioun vun den Nordstadgemengen zu Ierpeldeng ofzehalen, soulaang de geplangte Standuert net vum D\u00ebsch wier<\/strong>. D\u00ebs Problematik soll am n\u00e4chsten Gemengerot zur Sprooch bruecht ginn.<\/p>\n<p>Fir eis eng \u00ebffentlech Identit\u00e9it ze ginn, hu mir eng Asbl mam Numm <strong>\u00ab Energie mat Verstand \u00bb<\/strong> gegr\u00ebnnt.<\/p>\n<p>D\u2019Asbl steet alle Bierger\/inne vun an ausserhalb vu Bierden op, fir <a href=\"https:\/\/energiematverstand.lu\/wpenergie\/member-ginn\/\">Member ze ginn<\/a>.\u00a0<\/p>\n<p>Wat mir zu<strong> m\u00e9i sinn, <\/strong>wat \u00a0mir<strong> m\u00e9i erreechen <\/strong>an d\u00e9i<strong> politesch Responsabel <\/strong>an d<strong>\u2019Promoteuren <\/strong>vun der Wandmillen<strong> eis<\/strong> <strong>net ignor\u00e9iere <\/strong>k\u00ebnnen. Mir erwaarden vun hinnen<strong> \u00e9ierlech \u00c4ntwerten <\/strong>op eis<strong> Bedenken <\/strong>a <strong>Suergen <\/strong>wat d\u00e9i Monsterwandmillen ubelaangt.<\/p>\n<p>Hei op eisem Internetsite <strong>www.energiematverstand.lu<\/strong> fannt Dir Informatiounen an Erkl\u00e4rungen zu d\u00ebse verschidden Themen. W\u00e4rend de leschte M\u00e9int si mir eis bewosst ginn, w\u00e9i wichteg\u00a0et ass sech z\u2018inform\u00e9ieren.<\/p>\n<p>Liest och Dir Iech an d\u2019Thema \u00a0vun de Wandmillen an der Energie ran, befaasst Iech mat d\u00ebsem Thema! Et geet \u00ebm d\u2019Zukunft vun eis all, vun de Bierger vun haut a vu muer.<\/p>\n<p style=\"text-align: right;\"><em>\u00ab Bien inform\u00e9s, les hommes sont des citoyens ; mal inform\u00e9s, ils deviennent des sujets.\u00bb<\/em><\/p>\n<p style=\"text-align: right;\">Alfred Sauvy<\/p>\n\n\n<figure class=\"wp-block-gallery columns-2 is-cropped wp-block-gallery-3 is-layout-flex\"><ul class=\"blocks-gallery-grid\"><li class=\"blocks-gallery-item\"><figure><img decoding=\"async\" loading=\"lazy\" width=\"1024\" height=\"746\" src=\"https:\/\/energiematverstand.lu\/wpenergie\/wp-content\/uploads\/2021\/01\/Capture25-1-1024x746.jpg\" alt=\"\" data-id=\"1021\" data-link=\"https:\/\/energiematverstand.lu\/wpenergie\/eis-asbl\/capture25-1\/\" class=\"wp-image-1021\" srcset=\"https:\/\/energiematverstand.lu\/wpenergie\/wp-content\/uploads\/2021\/01\/Capture25-1-1024x746.jpg 1024w, https:\/\/energiematverstand.lu\/wpenergie\/wp-content\/uploads\/2021\/01\/Capture25-1-300x218.jpg 300w, https:\/\/energiematverstand.lu\/wpenergie\/wp-content\/uploads\/2021\/01\/Capture25-1-768x559.jpg 768w, https:\/\/energiematverstand.lu\/wpenergie\/wp-content\/uploads\/2021\/01\/Capture25-1-1536x1118.jpg 1536w, https:\/\/energiematverstand.lu\/wpenergie\/wp-content\/uploads\/2021\/01\/Capture25-1-624x454.jpg 624w, https:\/\/energiematverstand.lu\/wpenergie\/wp-content\/uploads\/2021\/01\/Capture25-1.jpg 1574w\" sizes=\"(max-width: 1024px) 100vw, 1024px\" \/><figcaption class=\"blocks-gallery-item__caption\">K\u00f6lner Doum am Verglach zur Wandmillen<\/figcaption><\/figure><\/li><li class=\"blocks-gallery-item\"><figure><img decoding=\"async\" loading=\"lazy\" width=\"754\" height=\"1024\" src=\"https:\/\/energiematverstand.lu\/wpenergie\/wp-content\/uploads\/2021\/01\/9C9-8F2D-13FBF8AB4557-1-754x1024.jpg\" alt=\"\" data-id=\"1022\" data-full-url=\"https:\/\/energiematverstand.lu\/wpenergie\/wp-content\/uploads\/2021\/01\/9C9-8F2D-13FBF8AB4557-1.jpg\" data-link=\"https:\/\/energiematverstand.lu\/wpenergie\/eis-asbl\/distanz_wm_bierden_waarkenafphoto-2\/\" class=\"wp-image-1022\" srcset=\"https:\/\/energiematverstand.lu\/wpenergie\/wp-content\/uploads\/2021\/01\/9C9-8F2D-13FBF8AB4557-1-754x1024.jpg 754w, https:\/\/energiematverstand.lu\/wpenergie\/wp-content\/uploads\/2021\/01\/9C9-8F2D-13FBF8AB4557-1-221x300.jpg 221w, https:\/\/energiematverstand.lu\/wpenergie\/wp-content\/uploads\/2021\/01\/9C9-8F2D-13FBF8AB4557-1-768x1043.jpg 768w, https:\/\/energiematverstand.lu\/wpenergie\/wp-content\/uploads\/2021\/01\/9C9-8F2D-13FBF8AB4557-1-1131x1536.jpg 1131w, https:\/\/energiematverstand.lu\/wpenergie\/wp-content\/uploads\/2021\/01\/9C9-8F2D-13FBF8AB4557-1-1508x2048.jpg 1508w, https:\/\/energiematverstand.lu\/wpenergie\/wp-content\/uploads\/2021\/01\/9C9-8F2D-13FBF8AB4557-1-624x847.jpg 624w, https:\/\/energiematverstand.lu\/wpenergie\/wp-content\/uploads\/2021\/01\/9C9-8F2D-13FBF8AB4557-1.jpg 1748w\" sizes=\"(max-width: 754px) 100vw, 754px\" \/><\/figure><\/li><\/ul><\/figure>\n","protected":false},"excerpt":{"rendered":"<p>Firwat wiert sech praktesch e ganzt Duerf g\u00e9int de Bau vun enger Wandmillen? Historik Z\u00ebnter 2015 hunn d\u2019Gemengen Dikrech an Ettelbr\u00e9ck de Plang, duerch Wandkraaft, d.h. Wandmillen, Elektrizit\u00e9it fir hire Stroumbedreiwer \u00ab Nordenergie S.A. \u00bb ze produz\u00e9ieren. Nordenergie S.A. (Gemeng Dikrech, Gemeng Ettelbr\u00e9ck, Enovos) zesummen mat \u00a0Soler S.A. ( Enovos, SEO) f\u00e4nke mat den Et\u00fcden [&hellip;]<\/p>\n","protected":false},"author":5,"featured_media":0,"parent":0,"menu_order":0,"comment_status":"closed","ping_status":"closed","template":"","meta":[],"_links":{"self":[{"href":"https:\/\/energiematverstand.lu\/wpenergie\/wp-json\/wp\/v2\/pages\/485"}],"collection":[{"href":"https:\/\/energiematverstand.lu\/wpenergie\/wp-json\/wp\/v2\/pages"}],"about":[{"href":"https:\/\/energiematverstand.lu\/wpenergie\/wp-json\/wp\/v2\/types\/page"}],"author":[{"embeddable":true,"href":"https:\/\/energiematverstand.lu\/wpenergie\/wp-json\/wp\/v2\/users\/5"}],"replies":[{"embeddable":true,"href":"https:\/\/energiematverstand.lu\/wpenergie\/wp-json\/wp\/v2\/comments?post=485"}],"version-history":[{"count":45,"href":"https:\/\/energiematverstand.lu\/wpenergie\/wp-json\/wp\/v2\/pages\/485\/revisions"}],"predecessor-version":[{"id":1495,"href":"https:\/\/energiematverstand.lu\/wpenergie\/wp-json\/wp\/v2\/pages\/485\/revisions\/1495"}],"wp:attachment":[{"href":"https:\/\/energiematverstand.lu\/wpenergie\/wp-json\/wp\/v2\/media?parent=485"}],"curies":[{"name":"wp","href":"https:\/\/api.w.org\/{rel}","templated":true}]}}