{"id":933,"date":"2021-01-12T14:39:32","date_gmt":"2021-01-12T14:39:32","guid":{"rendered":"https:\/\/energiematverstand.lu\/wpenergie\/?page_id=933"},"modified":"2021-01-17T20:55:28","modified_gmt":"2021-01-17T20:55:28","slug":"aner-geforen","status":"publish","type":"page","link":"https:\/\/energiematverstand.lu\/wpenergie\/aner-geforen\/","title":{"rendered":"Aner Geforen"},"content":{"rendered":"\n<h2 class=\"has-normal-font-size wp-block-heading\"><strong>\u00c4isschlag<\/strong><\/h2>\n\n\n\n<div class=\"wp-block-image\"><figure class=\"alignleft is-resized\"><img decoding=\"async\" loading=\"lazy\" src=\"https:\/\/energiematverstand.lu\/wpenergie\/wp-content\/uploads\/2021\/01\/ein-bild-das-text-himmel-schild-draussen-enthal.jpeg\" alt=\"Ein Bild, das Text, Himmel, Schild, drau\u00dfen enth\u00e4lt.\n\nAutomatisch generierte Beschreibung\" class=\"wp-image-934\" width=\"270\" height=\"202\" srcset=\"https:\/\/energiematverstand.lu\/wpenergie\/wp-content\/uploads\/2021\/01\/ein-bild-das-text-himmel-schild-draussen-enthal.jpeg 397w, https:\/\/energiematverstand.lu\/wpenergie\/wp-content\/uploads\/2021\/01\/ein-bild-das-text-himmel-schild-draussen-enthal-300x224.jpeg 300w\" sizes=\"(max-width: 270px) 100vw, 270px\" \/><\/figure><\/div>\n\n\n\n<p>Bei kalen Temperature kann et am Wanter un de Flilleke vun de Wandmillen zu \u00c4isbeschlag kommen (Kondenswaasser, Niwwel, Reen). D\u2019Gefor besteet, datt sech bei der Rotatioun vun de Flilleken \u00c4isst\u00e9cker l\u00e9isen, d\u00e9i dann an engem Radius vun Honnerte vu Meteren ewechgeschleidert ginn. Och wann di neisten Anlage mat Ofschaltautomatiken ausger\u00ebscht sinn, ass d\u00ebs Gefor net ganz auszeschl\u00e9issen. Obwuel Sch\u00eblter op d\u00ebs Gefor hiweise mussen, bleift fir d\u2019Benotzer vun de Fl\u00e4chen an de Wee\u00ebr ronder\u00ebm eng Wandmillen ee potentielle Risiko (Bauer, Foussg\u00e4nger, V\u00eblosfuerer) bestoen.<\/p>\n\n\n\n<h2 class=\"has-normal-font-size wp-block-heading\"><strong>Brandgefor<\/strong><\/h2>\n\n\n\n<p>\u201e<em>Blitzeinschl\u00e4ge, Sch\u00e4den an der Kabelisolierung und \u00fcberhitzte Getriebe: Jeden Monat werden durchschnittliche zehn Windturbinen durch Feuer zerst\u00f6rt, hat die britische Eliteuniversit\u00e4t Imperial College in einer Studie herausgefunden.\u201c<\/em><\/p>\n\n\n\n<div class=\"wp-block-image\"><figure class=\"alignleft is-resized\"><img decoding=\"async\" loading=\"lazy\" src=\"https:\/\/energiematverstand.lu\/wpenergie\/wp-content\/uploads\/2021\/01\/ein-brand-fuhrt-meist-zum-totalschaden-der-windtur.jpeg\" alt=\"Ein Brand f\u00fchrt meist zum Totalschaden der Windturbine. Die Masten sind f\u00fcr die Feuerwehrleitern zu hoch, die Gefahr f\u00fcr Feuerwehrm\u00e4nner ist zu hoch, durch abst\u00fcrzende Rotorbl\u00e4tter verletzt zu werden.\" class=\"wp-image-935\" width=\"224\" height=\"161\" srcset=\"https:\/\/energiematverstand.lu\/wpenergie\/wp-content\/uploads\/2021\/01\/ein-brand-fuhrt-meist-zum-totalschaden-der-windtur.jpeg 530w, https:\/\/energiematverstand.lu\/wpenergie\/wp-content\/uploads\/2021\/01\/ein-brand-fuhrt-meist-zum-totalschaden-der-windtur-300x216.jpeg 300w\" sizes=\"(max-width: 224px) 100vw, 224px\" \/><\/figure><\/div>\n\n\n\n<div class=\"wp-block-image\"><figure class=\"alignright is-resized\"><img decoding=\"async\" loading=\"lazy\" src=\"https:\/\/energiematverstand.lu\/wpenergie\/wp-content\/uploads\/2021\/01\/ein-bild-das-draussen-enthalt-automatisch-generi.jpeg\" alt=\"Ein Bild, das drau\u00dfen enth\u00e4lt. Automatisch generierte Beschreibung\" class=\"wp-image-936\" width=\"189\" height=\"134\" srcset=\"https:\/\/energiematverstand.lu\/wpenergie\/wp-content\/uploads\/2021\/01\/ein-bild-das-draussen-enthalt-automatisch-generi.jpeg 510w, https:\/\/energiematverstand.lu\/wpenergie\/wp-content\/uploads\/2021\/01\/ein-bild-das-draussen-enthalt-automatisch-generi-300x214.jpeg 300w\" sizes=\"(max-width: 189px) 100vw, 189px\" \/><\/figure><\/div>\n\n\n\n<p>Wat geschitt mat der Wandmillen, wann se a Brand ger\u00e9it? Ee Brand un enger Wandmillen ass net ze l\u00e4schen. D\u2019Pompjee\u00eb k\u00ebnnen an esou engem Fall just d\u2019Gebitt groussraimeg sp\u00e4ren an ofwaarden, bis d\u2019Anlag ofgebrannt ass. L\u00e4schen ass an esou H\u00e9ichten net m\u00e9iglech. W\u00e9inst m\u00e9igleche brennenden Deeler, d\u00e9i eroffale k\u00ebnnen, bleift den H\u00ebllefsequippe soss n\u00e4ischt iwwreg, ew\u00e9i den Terrain ofzesp\u00e4ren, d\u2019Bev\u00eblkerung opzeruffen d\u2019F\u00ebnsteren zouzemaachen an d\u2019Brandplaz ze evit\u00e9ieren. No engem Brand ass eng Wandmille quasi \u00ebmmer als Totalverloscht ze verbuchen!<\/p>\n\n\n\n<h2 class=\"has-normal-font-size wp-block-heading\"><strong>Brieche vu Wandmillen<\/strong><\/h2>\n\n\n\n<div class=\"wp-block-image\"><figure class=\"alignleft is-resized\"><img decoding=\"async\" loading=\"lazy\" src=\"https:\/\/energiematverstand.lu\/wpenergie\/wp-content\/uploads\/2021\/01\/ein-bild-das-gras-draussen-himmel-windmuhle-ent.jpeg\" alt=\"Ein Bild, das Gras, drau\u00dfen, Himmel, Windm\u00fchle enth\u00e4lt.\n\nAutomatisch generierte Beschreibung\" class=\"wp-image-937\" width=\"279\" height=\"157\" srcset=\"https:\/\/energiematverstand.lu\/wpenergie\/wp-content\/uploads\/2021\/01\/ein-bild-das-gras-draussen-himmel-windmuhle-ent.jpeg 474w, https:\/\/energiematverstand.lu\/wpenergie\/wp-content\/uploads\/2021\/01\/ein-bild-das-gras-draussen-himmel-windmuhle-ent-300x169.jpeg 300w\" sizes=\"(max-width: 279px) 100vw, 279px\" \/><\/figure><\/div>\n\n\n\n<p>Nieft dem Brand geh\u00e9iert d\u2018Breeche vu Flilleken zu dem <em>\u201eGAWU &#8211; Gr\u00f6\u00dfter anzunehmender Windkraftanlagenunfall\u201c.<\/em><\/p>\n\n\n\n<p>Duerch Stuerm, Materialfeeler oder Alter vu Materialie kann et zu onkontroll\u00e9iertem Ofr\u00e4isse vun Deeler vun der Wandmille kommen. Wann tonneschw\u00e9ier Flilleken oder ganz Wandmillen \u00ebmkn\u00e9cken an d\u2019St\u00e9cker eroffalen oder am \u00cbmkrees verspreet ginn, kann ee frou sinn, wa keng Leit (Bauer oder Fr\u00e4iz\u00e4itsportler) zu Schued kommen. D\u2019K\u00e4schte k\u00ebnnen an deem Fall bis an d\u2019Millioune goen.<\/p>\n","protected":false},"excerpt":{"rendered":"<p>\u00c4isschlag Bei kalen Temperature kann et am Wanter un de Flilleke vun de Wandmillen zu \u00c4isbeschlag kommen (Kondenswaasser, Niwwel, Reen). D\u2019Gefor besteet, datt sech bei der Rotatioun vun de Flilleken \u00c4isst\u00e9cker l\u00e9isen, d\u00e9i dann an engem Radius vun Honnerte vu Meteren ewechgeschleidert ginn. Och wann di neisten Anlage mat Ofschaltautomatiken ausger\u00ebscht sinn, ass d\u00ebs Gefor [&hellip;]<\/p>\n","protected":false},"author":5,"featured_media":0,"parent":0,"menu_order":0,"comment_status":"closed","ping_status":"closed","template":"","meta":[],"_links":{"self":[{"href":"https:\/\/energiematverstand.lu\/wpenergie\/wp-json\/wp\/v2\/pages\/933"}],"collection":[{"href":"https:\/\/energiematverstand.lu\/wpenergie\/wp-json\/wp\/v2\/pages"}],"about":[{"href":"https:\/\/energiematverstand.lu\/wpenergie\/wp-json\/wp\/v2\/types\/page"}],"author":[{"embeddable":true,"href":"https:\/\/energiematverstand.lu\/wpenergie\/wp-json\/wp\/v2\/users\/5"}],"replies":[{"embeddable":true,"href":"https:\/\/energiematverstand.lu\/wpenergie\/wp-json\/wp\/v2\/comments?post=933"}],"version-history":[{"count":9,"href":"https:\/\/energiematverstand.lu\/wpenergie\/wp-json\/wp\/v2\/pages\/933\/revisions"}],"predecessor-version":[{"id":961,"href":"https:\/\/energiematverstand.lu\/wpenergie\/wp-json\/wp\/v2\/pages\/933\/revisions\/961"}],"wp:attachment":[{"href":"https:\/\/energiematverstand.lu\/wpenergie\/wp-json\/wp\/v2\/media?parent=933"}],"curies":[{"name":"wp","href":"https:\/\/api.w.org\/{rel}","templated":true}]}}